{"id":969,"date":"2025-11-12T00:18:14","date_gmt":"2025-11-12T00:18:14","guid":{"rendered":"https:\/\/heilipalmjewellery.com\/?post_type=product&#038;p=969"},"modified":"2026-05-14T07:57:56","modified_gmt":"2026-05-14T07:57:56","slug":"filigraan-kaevoru-3d","status":"publish","type":"product","link":"https:\/\/heilipalmjewellery.com\/en\/product\/filigraan-kaevoru-3d\/","title":{"rendered":"\u201c3D\u201d \u2013 Amber Filigree Cuff Bracelet"},"content":{"rendered":"<p><img fetchpriority=\"high\" decoding=\"async\" class=\"alignnone wp-image-973\" src=\"https:\/\/heilipalmjewellery.com\/wp-content\/uploads\/2025\/11\/3D4-1024x819.jpg\" alt=\"\" width=\"800\" height=\"640\" \/><\/p>","protected":false},"excerpt":{"rendered":"<p><strong>\u201c3D\u201d \u2013 Amber Filigree Cuff Bracelet<\/strong><\/p>\n<p>The three-dimensional filigree bracelet is like a small sculpture, where delicate lines play with light and shadow. Fine craftsmanship and the warm glow of amber create a harmonious composition that highlights the wearer\u2019s uniqueness and individuality.Perfect for a woman who values distinctive style and isn\u2019t afraid to stand out.<\/p>\n<p>The bracelet is suitable if your wrist circumference is 170-180mm<\/p>\n<p>&nbsp;<\/p>","protected":false},"featured_media":973,"template":"","meta":{"_uag_custom_page_level_css":"","site-sidebar-layout":"default","site-content-layout":"","ast-site-content-layout":"default","site-content-style":"default","site-sidebar-style":"default","ast-global-header-display":"","ast-banner-title-visibility":"","ast-main-header-display":"","ast-hfb-above-header-display":"","ast-hfb-below-header-display":"","ast-hfb-mobile-header-display":"","site-post-title":"","ast-breadcrumbs-content":"","ast-featured-img":"","footer-sml-layout":"","ast-disable-related-posts":"","theme-transparent-header-meta":"default","adv-header-id-meta":"","stick-header-meta":"default","header-above-stick-meta":"","header-main-stick-meta":"","header-below-stick-meta":"","astra-migrate-meta-layouts":"set","ast-page-background-enabled":"default","ast-page-background-meta":{"desktop":{"background-color":"var(--ast-global-color-5)","background-image":"","background-repeat":"repeat","background-position":"center center","background-size":"auto","background-attachment":"scroll","background-type":"","background-media":"","overlay-type":"","overlay-color":"","overlay-opacity":"","overlay-gradient":""},"tablet":{"background-color":"","background-image":"","background-repeat":"repeat","background-position":"center center","background-size":"auto","background-attachment":"scroll","background-type":"","background-media":"","overlay-type":"","overlay-color":"","overlay-opacity":"","overlay-gradient":""},"mobile":{"background-color":"","background-image":"","background-repeat":"repeat","background-position":"center center","background-size":"auto","background-attachment":"scroll","background-type":"","background-media":"","overlay-type":"","overlay-color":"","overlay-opacity":"","overlay-gradient":""}},"ast-content-background-meta":{"desktop":{"background-color":"var(--ast-global-color-4)","background-image":"","background-repeat":"repeat","background-position":"center center","background-size":"auto","background-attachment":"scroll","background-type":"","background-media":"","overlay-type":"","overlay-color":"","overlay-opacity":"","overlay-gradient":""},"tablet":{"background-color":"var(--ast-global-color-4)","background-image":"","background-repeat":"repeat","background-position":"center center","background-size":"auto","background-attachment":"scroll","background-type":"","background-media":"","overlay-type":"","overlay-color":"","overlay-opacity":"","overlay-gradient":""},"mobile":{"background-color":"var(--ast-global-color-4)","background-image":"","background-repeat":"repeat","background-position":"center center","background-size":"auto","background-attachment":"scroll","background-type":"","background-media":"","overlay-type":"","overlay-color":"","overlay-opacity":"","overlay-gradient":""}}},"product_brand":[68],"product_cat":[28],"product_tag":[42,60,47],"class_list":{"0":"post-969","1":"product","2":"type-product","3":"status-publish","4":"has-post-thumbnail","6":"product_brand-heili-palm-jewellery","7":"product_cat-kaevorud","8":"product_tag-hobe","9":"product_tag-kaevoru","10":"product_tag-merevaik","11":"desktop-align-center","12":"tablet-align-left","13":"mobile-align-left","14":"ast-product-gallery-layout-first-image-large","15":"ast-product-tabs-layout-horizontal","16":"ast-qv-on-image","18":"first","19":"instock","20":"shipping-taxable","21":"purchasable","22":"product-type-simple"},"aioseo_notices":[],"uagb_featured_image_src":{"full":["https:\/\/heilipalmjewellery.com\/wp-content\/uploads\/2025\/11\/3D4.jpg",2529,2023,false],"thumbnail":["https:\/\/heilipalmjewellery.com\/wp-content\/uploads\/2025\/11\/3D4.jpg",150,120,false],"medium":["https:\/\/heilipalmjewellery.com\/wp-content\/uploads\/2025\/11\/3D4.jpg",300,240,false],"medium_large":["https:\/\/heilipalmjewellery.com\/wp-content\/uploads\/2025\/11\/3D4.jpg",768,614,false],"large":["https:\/\/heilipalmjewellery.com\/wp-content\/uploads\/2025\/11\/3D4.jpg",1024,819,false],"1536x1536":["https:\/\/heilipalmjewellery.com\/wp-content\/uploads\/2025\/11\/3D4.jpg",1536,1229,false],"2048x2048":["https:\/\/heilipalmjewellery.com\/wp-content\/uploads\/2025\/11\/3D4.jpg",2048,1638,false],"trp-custom-language-flag":["https:\/\/heilipalmjewellery.com\/wp-content\/uploads\/2025\/11\/3D4.jpg",15,12,false],"woocommerce_thumbnail":["https:\/\/heilipalmjewellery.com\/wp-content\/uploads\/2025\/11\/3D4-960x720.jpg",960,720,true],"woocommerce_single":["https:\/\/heilipalmjewellery.com\/wp-content\/uploads\/2025\/11\/3D4-960x768.jpg",960,768,true],"woocommerce_gallery_thumbnail":["https:\/\/heilipalmjewellery.com\/wp-content\/uploads\/2025\/11\/3D4-100x100.jpg",100,100,true]},"uagb_author_info":{"display_name":"Jewel","author_link":"https:\/\/heilipalmjewellery.com\/en\/author\/"},"uagb_comment_info":0,"uagb_excerpt":"\u201c3D\u201d \u2013 filigraank\u00e4ev\u00f5ru merevaiguga Kolmem\u00f5\u00f5tmelise vormiga filigraank\u00e4ev\u00f5ru on kui v\u00e4ike skulptuur, kus \u00f5rnad jooned m\u00e4ngivad valguse ja varjuga. Peen k\u00e4sit\u00f6\u00f6 ja merevaigu soe kuma loovad harmoonilise koosluse, mis toob esile kandja unikaalsuse ja isikup\u00e4ra. Ehe sobib naisele, kes hindab stiili ja ei pelga silma paista. K\u00e4ev\u00f5ru sobib, kui teie randme\u00fcmberm\u00f5\u00f5t on 170-180mm &nbsp;","_links":{"self":[{"href":"https:\/\/heilipalmjewellery.com\/en\/wp-json\/wp\/v2\/product\/969","targetHints":{"allow":["GET"]}}],"collection":[{"href":"https:\/\/heilipalmjewellery.com\/en\/wp-json\/wp\/v2\/product"}],"about":[{"href":"https:\/\/heilipalmjewellery.com\/en\/wp-json\/wp\/v2\/types\/product"}],"wp:featuredmedia":[{"embeddable":true,"href":"https:\/\/heilipalmjewellery.com\/en\/wp-json\/wp\/v2\/media\/973"}],"wp:attachment":[{"href":"https:\/\/heilipalmjewellery.com\/en\/wp-json\/wp\/v2\/media?parent=969"}],"wp:term":[{"taxonomy":"product_brand","embeddable":true,"href":"https:\/\/heilipalmjewellery.com\/en\/wp-json\/wp\/v2\/product_brand?post=969"},{"taxonomy":"product_cat","embeddable":true,"href":"https:\/\/heilipalmjewellery.com\/en\/wp-json\/wp\/v2\/product_cat?post=969"},{"taxonomy":"product_tag","embeddable":true,"href":"https:\/\/heilipalmjewellery.com\/en\/wp-json\/wp\/v2\/product_tag?post=969"}],"curies":[{"name":"wp","href":"https:\/\/api.w.org\/{rel}","templated":true}]}}