{"id":862,"date":"2025-11-11T05:32:27","date_gmt":"2025-11-11T05:32:27","guid":{"rendered":"https:\/\/heilipalmjewellery.com\/?post_type=product&#038;p=862"},"modified":"2026-05-14T07:49:14","modified_gmt":"2026-05-14T07:49:14","slug":"true-self-filigraan-korvarongad","status":"publish","type":"product","link":"https:\/\/heilipalmjewellery.com\/en\/product\/true-self-filigraan-korvarongad\/","title":{"rendered":"True Self - Filigree Earrings"},"content":{"rendered":"<p><img fetchpriority=\"high\" decoding=\"async\" class=\"alignnone wp-image-863\" src=\"https:\/\/heilipalmjewellery.com\/wp-content\/uploads\/2025\/11\/True-Self-korvarongad1-1024x819.jpg\" alt=\"\" width=\"800\" height=\"640\" srcset=\"https:\/\/heilipalmjewellery.com\/wp-content\/uploads\/2025\/11\/True-Self-korvarongad1-1024x819.jpg 1024w, https:\/\/heilipalmjewellery.com\/wp-content\/uploads\/2025\/11\/True-Self-korvarongad1-scaled-960x768.jpg 960w, https:\/\/heilipalmjewellery.com\/wp-content\/uploads\/2025\/11\/True-Self-korvarongad1-300x240.jpg 300w, https:\/\/heilipalmjewellery.com\/wp-content\/uploads\/2025\/11\/True-Self-korvarongad1-768x614.jpg 768w, https:\/\/heilipalmjewellery.com\/wp-content\/uploads\/2025\/11\/True-Self-korvarongad1-1536x1229.jpg 1536w, https:\/\/heilipalmjewellery.com\/wp-content\/uploads\/2025\/11\/True-Self-korvarongad1-2048x1638.jpg 2048w, https:\/\/heilipalmjewellery.com\/wp-content\/uploads\/2025\/11\/True-Self-korvarongad1-15x12.jpg 15w\" sizes=\"(max-width: 800px) 100vw, 800px\" \/><\/p>","protected":false},"excerpt":{"rendered":"<p>Filigree Earrings in 925 Silver with Amethyst<strong>\u00a0&#8220;True Self\u201d<\/strong><\/p>\n<p>Each earring is slightly unique.<\/p>\n<p>&nbsp;<\/p>","protected":false},"featured_media":863,"template":"","meta":{"_uag_custom_page_level_css":"","site-sidebar-layout":"default","site-content-layout":"","ast-site-content-layout":"default","site-content-style":"default","site-sidebar-style":"default","ast-global-header-display":"","ast-banner-title-visibility":"","ast-main-header-display":"","ast-hfb-above-header-display":"","ast-hfb-below-header-display":"","ast-hfb-mobile-header-display":"","site-post-title":"","ast-breadcrumbs-content":"","ast-featured-img":"","footer-sml-layout":"","ast-disable-related-posts":"","theme-transparent-header-meta":"default","adv-header-id-meta":"","stick-header-meta":"default","header-above-stick-meta":"","header-main-stick-meta":"","header-below-stick-meta":"","astra-migrate-meta-layouts":"set","ast-page-background-enabled":"default","ast-page-background-meta":{"desktop":{"background-color":"var(--ast-global-color-5)","background-image":"","background-repeat":"repeat","background-position":"center center","background-size":"auto","background-attachment":"scroll","background-type":"","background-media":"","overlay-type":"","overlay-color":"","overlay-opacity":"","overlay-gradient":""},"tablet":{"background-color":"","background-image":"","background-repeat":"repeat","background-position":"center center","background-size":"auto","background-attachment":"scroll","background-type":"","background-media":"","overlay-type":"","overlay-color":"","overlay-opacity":"","overlay-gradient":""},"mobile":{"background-color":"","background-image":"","background-repeat":"repeat","background-position":"center center","background-size":"auto","background-attachment":"scroll","background-type":"","background-media":"","overlay-type":"","overlay-color":"","overlay-opacity":"","overlay-gradient":""}},"ast-content-background-meta":{"desktop":{"background-color":"var(--ast-global-color-4)","background-image":"","background-repeat":"repeat","background-position":"center center","background-size":"auto","background-attachment":"scroll","background-type":"","background-media":"","overlay-type":"","overlay-color":"","overlay-opacity":"","overlay-gradient":""},"tablet":{"background-color":"var(--ast-global-color-4)","background-image":"","background-repeat":"repeat","background-position":"center center","background-size":"auto","background-attachment":"scroll","background-type":"","background-media":"","overlay-type":"","overlay-color":"","overlay-opacity":"","overlay-gradient":""},"mobile":{"background-color":"var(--ast-global-color-4)","background-image":"","background-repeat":"repeat","background-position":"center center","background-size":"auto","background-attachment":"scroll","background-type":"","background-media":"","overlay-type":"","overlay-color":"","overlay-opacity":"","overlay-gradient":""}}},"product_brand":[68],"product_cat":[35],"product_tag":[59,42,41,58],"class_list":{"0":"post-862","1":"product","2":"type-product","3":"status-publish","4":"has-post-thumbnail","6":"product_brand-heili-palm-jewellery","7":"product_cat-korvarongad","8":"product_tag-ametust","9":"product_tag-hobe","10":"product_tag-korvarongad","11":"product_tag-true-self","12":"desktop-align-center","13":"tablet-align-left","14":"mobile-align-left","15":"ast-product-gallery-layout-first-image-large","16":"ast-product-tabs-layout-horizontal","17":"ast-qv-on-image","19":"first","20":"instock","21":"sale","22":"shipping-taxable","23":"purchasable","24":"product-type-simple"},"aioseo_notices":[],"uagb_featured_image_src":{"full":["https:\/\/heilipalmjewellery.com\/wp-content\/uploads\/2025\/11\/True-Self-korvarongad1-scaled.jpg",2560,2048,false],"thumbnail":["https:\/\/heilipalmjewellery.com\/wp-content\/uploads\/2025\/11\/True-Self-korvarongad1-150x150.jpg",150,150,true],"medium":["https:\/\/heilipalmjewellery.com\/wp-content\/uploads\/2025\/11\/True-Self-korvarongad1-300x240.jpg",300,240,true],"medium_large":["https:\/\/heilipalmjewellery.com\/wp-content\/uploads\/2025\/11\/True-Self-korvarongad1-768x614.jpg",768,614,true],"large":["https:\/\/heilipalmjewellery.com\/wp-content\/uploads\/2025\/11\/True-Self-korvarongad1-1024x819.jpg",1024,819,true],"1536x1536":["https:\/\/heilipalmjewellery.com\/wp-content\/uploads\/2025\/11\/True-Self-korvarongad1-1536x1229.jpg",1536,1229,true],"2048x2048":["https:\/\/heilipalmjewellery.com\/wp-content\/uploads\/2025\/11\/True-Self-korvarongad1-2048x1638.jpg",2048,1638,true],"trp-custom-language-flag":["https:\/\/heilipalmjewellery.com\/wp-content\/uploads\/2025\/11\/True-Self-korvarongad1-15x12.jpg",15,12,true],"woocommerce_thumbnail":["https:\/\/heilipalmjewellery.com\/wp-content\/uploads\/2025\/11\/True-Self-korvarongad1-scaled-960x720.jpg",960,720,true],"woocommerce_single":["https:\/\/heilipalmjewellery.com\/wp-content\/uploads\/2025\/11\/True-Self-korvarongad1-scaled-960x768.jpg",960,768,true],"woocommerce_gallery_thumbnail":["https:\/\/heilipalmjewellery.com\/wp-content\/uploads\/2025\/11\/True-Self-korvarongad1-scaled-100x100.jpg",100,100,true]},"uagb_author_info":{"display_name":"Jewel","author_link":"https:\/\/heilipalmjewellery.com\/en\/author\/"},"uagb_comment_info":0,"uagb_excerpt":"Filigraan k\u00f5rvar\u00f5ngad, 925 h\u00f5be ja amet\u00fcst\u00a0\"True Self\u201d K\u00f5rvar\u00f5ngad on pisut erinevad. &nbsp;","_links":{"self":[{"href":"https:\/\/heilipalmjewellery.com\/en\/wp-json\/wp\/v2\/product\/862","targetHints":{"allow":["GET"]}}],"collection":[{"href":"https:\/\/heilipalmjewellery.com\/en\/wp-json\/wp\/v2\/product"}],"about":[{"href":"https:\/\/heilipalmjewellery.com\/en\/wp-json\/wp\/v2\/types\/product"}],"wp:featuredmedia":[{"embeddable":true,"href":"https:\/\/heilipalmjewellery.com\/en\/wp-json\/wp\/v2\/media\/863"}],"wp:attachment":[{"href":"https:\/\/heilipalmjewellery.com\/en\/wp-json\/wp\/v2\/media?parent=862"}],"wp:term":[{"taxonomy":"product_brand","embeddable":true,"href":"https:\/\/heilipalmjewellery.com\/en\/wp-json\/wp\/v2\/product_brand?post=862"},{"taxonomy":"product_cat","embeddable":true,"href":"https:\/\/heilipalmjewellery.com\/en\/wp-json\/wp\/v2\/product_cat?post=862"},{"taxonomy":"product_tag","embeddable":true,"href":"https:\/\/heilipalmjewellery.com\/en\/wp-json\/wp\/v2\/product_tag?post=862"}],"curies":[{"name":"wp","href":"https:\/\/api.w.org\/{rel}","templated":true}]}}