{"id":765,"date":"2025-11-10T09:42:03","date_gmt":"2025-11-10T09:42:03","guid":{"rendered":"https:\/\/heilipalmjewellery.com\/?post_type=product&#038;p=765"},"modified":"2025-12-07T00:33:24","modified_gmt":"2025-12-07T00:33:24","slug":"glacies-filigra-filigraan-korvarongad-tiftiga","status":"publish","type":"product","link":"https:\/\/heilipalmjewellery.com\/en\/product\/glacies-filigra-filigraan-korvarongad-tiftiga\/","title":{"rendered":"Glacies Filigra - Filigree Dangle Stud Earrings"},"content":{"rendered":"<p><img fetchpriority=\"high\" decoding=\"async\" class=\"alignnone wp-image-766\" src=\"https:\/\/heilipalmjewellery.com\/wp-content\/uploads\/2025\/11\/GF3-1-1024x819.jpg\" alt=\"\" width=\"800\" height=\"640\" \/><\/p>","protected":false},"excerpt":{"rendered":"<p>Filigree Dangle Stud Earrings in 925 Silver and Amber<strong> \u201cGlacies Filigra\u201d<\/strong><\/p>\n<p>Each earring is slightly unique.<\/p>\n<p>&nbsp;<\/p>","protected":false},"featured_media":766,"template":"","meta":{"_uag_custom_page_level_css":"","site-sidebar-layout":"default","site-content-layout":"","ast-site-content-layout":"default","site-content-style":"default","site-sidebar-style":"default","ast-global-header-display":"","ast-banner-title-visibility":"","ast-main-header-display":"","ast-hfb-above-header-display":"","ast-hfb-below-header-display":"","ast-hfb-mobile-header-display":"","site-post-title":"","ast-breadcrumbs-content":"","ast-featured-img":"","footer-sml-layout":"","ast-disable-related-posts":"","theme-transparent-header-meta":"default","adv-header-id-meta":"","stick-header-meta":"default","header-above-stick-meta":"","header-main-stick-meta":"","header-below-stick-meta":"","astra-migrate-meta-layouts":"set","ast-page-background-enabled":"default","ast-page-background-meta":{"desktop":{"background-color":"var(--ast-global-color-5)","background-image":"","background-repeat":"repeat","background-position":"center center","background-size":"auto","background-attachment":"scroll","background-type":"","background-media":"","overlay-type":"","overlay-color":"","overlay-opacity":"","overlay-gradient":""},"tablet":{"background-color":"","background-image":"","background-repeat":"repeat","background-position":"center center","background-size":"auto","background-attachment":"scroll","background-type":"","background-media":"","overlay-type":"","overlay-color":"","overlay-opacity":"","overlay-gradient":""},"mobile":{"background-color":"","background-image":"","background-repeat":"repeat","background-position":"center center","background-size":"auto","background-attachment":"scroll","background-type":"","background-media":"","overlay-type":"","overlay-color":"","overlay-opacity":"","overlay-gradient":""}},"ast-content-background-meta":{"desktop":{"background-color":"var(--ast-global-color-4)","background-image":"","background-repeat":"repeat","background-position":"center center","background-size":"auto","background-attachment":"scroll","background-type":"","background-media":"","overlay-type":"","overlay-color":"","overlay-opacity":"","overlay-gradient":""},"tablet":{"background-color":"var(--ast-global-color-4)","background-image":"","background-repeat":"repeat","background-position":"center center","background-size":"auto","background-attachment":"scroll","background-type":"","background-media":"","overlay-type":"","overlay-color":"","overlay-opacity":"","overlay-gradient":""},"mobile":{"background-color":"var(--ast-global-color-4)","background-image":"","background-repeat":"repeat","background-position":"center center","background-size":"auto","background-attachment":"scroll","background-type":"","background-media":"","overlay-type":"","overlay-color":"","overlay-opacity":"","overlay-gradient":""}}},"product_brand":[68],"product_cat":[35],"product_tag":[45,42,41],"class_list":{"0":"post-765","1":"product","2":"type-product","3":"status-publish","4":"has-post-thumbnail","6":"product_brand-heili-palm-jewellery","7":"product_cat-korvarongad","8":"product_tag-glacies-filigra","9":"product_tag-hobe","10":"product_tag-korvarongad","11":"desktop-align-center","12":"tablet-align-left","13":"mobile-align-left","14":"ast-product-gallery-layout-first-image-large","15":"ast-product-tabs-layout-horizontal","16":"ast-qv-on-image","18":"first","19":"instock","20":"shipping-taxable","21":"purchasable","22":"product-type-simple"},"aioseo_notices":[],"uagb_featured_image_src":{"full":["https:\/\/heilipalmjewellery.com\/wp-content\/uploads\/2025\/11\/GF3-1-scaled.jpg",2560,2048,false],"thumbnail":["https:\/\/heilipalmjewellery.com\/wp-content\/uploads\/2025\/11\/GF3-1-scaled.jpg",150,120,false],"medium":["https:\/\/heilipalmjewellery.com\/wp-content\/uploads\/2025\/11\/GF3-1-scaled.jpg",300,240,false],"medium_large":["https:\/\/heilipalmjewellery.com\/wp-content\/uploads\/2025\/11\/GF3-1-scaled.jpg",768,614,false],"large":["https:\/\/heilipalmjewellery.com\/wp-content\/uploads\/2025\/11\/GF3-1-scaled.jpg",1024,819,false],"1536x1536":["https:\/\/heilipalmjewellery.com\/wp-content\/uploads\/2025\/11\/GF3-1-scaled.jpg",1536,1229,false],"2048x2048":["https:\/\/heilipalmjewellery.com\/wp-content\/uploads\/2025\/11\/GF3-1-scaled.jpg",2048,1638,false],"trp-custom-language-flag":["https:\/\/heilipalmjewellery.com\/wp-content\/uploads\/2025\/11\/GF3-1-scaled.jpg",15,12,false],"woocommerce_thumbnail":["https:\/\/heilipalmjewellery.com\/wp-content\/uploads\/2025\/11\/GF3-1-scaled-960x720.jpg",960,720,true],"woocommerce_single":["https:\/\/heilipalmjewellery.com\/wp-content\/uploads\/2025\/11\/GF3-1-scaled-960x768.jpg",960,768,true],"woocommerce_gallery_thumbnail":["https:\/\/heilipalmjewellery.com\/wp-content\/uploads\/2025\/11\/GF3-1-scaled-100x100.jpg",100,100,true]},"uagb_author_info":{"display_name":"Jewel","author_link":"https:\/\/heilipalmjewellery.com\/en\/author\/"},"uagb_comment_info":0,"uagb_excerpt":"Filigraan k\u00f5rvar\u00f5ngad tiftiga, 925 h\u00f5be ja \u00a0merevaik \u201cGlacies Filigra\u201d K\u00f5rvar\u00f5ngad on pisut erinevad. &nbsp;","_links":{"self":[{"href":"https:\/\/heilipalmjewellery.com\/en\/wp-json\/wp\/v2\/product\/765","targetHints":{"allow":["GET"]}}],"collection":[{"href":"https:\/\/heilipalmjewellery.com\/en\/wp-json\/wp\/v2\/product"}],"about":[{"href":"https:\/\/heilipalmjewellery.com\/en\/wp-json\/wp\/v2\/types\/product"}],"wp:featuredmedia":[{"embeddable":true,"href":"https:\/\/heilipalmjewellery.com\/en\/wp-json\/wp\/v2\/media\/766"}],"wp:attachment":[{"href":"https:\/\/heilipalmjewellery.com\/en\/wp-json\/wp\/v2\/media?parent=765"}],"wp:term":[{"taxonomy":"product_brand","embeddable":true,"href":"https:\/\/heilipalmjewellery.com\/en\/wp-json\/wp\/v2\/product_brand?post=765"},{"taxonomy":"product_cat","embeddable":true,"href":"https:\/\/heilipalmjewellery.com\/en\/wp-json\/wp\/v2\/product_cat?post=765"},{"taxonomy":"product_tag","embeddable":true,"href":"https:\/\/heilipalmjewellery.com\/en\/wp-json\/wp\/v2\/product_tag?post=765"}],"curies":[{"name":"wp","href":"https:\/\/api.w.org\/{rel}","templated":true}]}}