{"id":1537,"date":"2025-12-16T12:11:19","date_gmt":"2025-12-16T12:11:19","guid":{"rendered":"https:\/\/heilipalmjewellery.com\/?post_type=product&#038;p=1537"},"modified":"2026-05-14T07:55:32","modified_gmt":"2026-05-14T07:55:32","slug":"nightbloom-hobedast-filigraanehete-komplekt-musta-oonuksiga","status":"publish","type":"product","link":"https:\/\/heilipalmjewellery.com\/en\/product\/nightbloom-hobedast-filigraanehete-komplekt-musta-oonuksiga\/","title":{"rendered":"Nightbloom-Silver filigree jewellery set with black onyx. \u201cNightbloom\u201d"},"content":{"rendered":"<p><img fetchpriority=\"high\" decoding=\"async\" class=\"alignnone wp-image-1531\" src=\"https:\/\/heilipalmjewellery.com\/wp-content\/uploads\/2025\/12\/NB12-2-1-1024x819.jpg\" alt=\"\" width=\"800\" height=\"640\" srcset=\"https:\/\/heilipalmjewellery.com\/wp-content\/uploads\/2025\/12\/NB12-2-1-1024x819.jpg 1024w, https:\/\/heilipalmjewellery.com\/wp-content\/uploads\/2025\/12\/NB12-2-1-300x240.jpg 300w, https:\/\/heilipalmjewellery.com\/wp-content\/uploads\/2025\/12\/NB12-2-1-768x614.jpg 768w, https:\/\/heilipalmjewellery.com\/wp-content\/uploads\/2025\/12\/NB12-2-1-1536x1229.jpg 1536w, https:\/\/heilipalmjewellery.com\/wp-content\/uploads\/2025\/12\/NB12-2-1-2048x1639.jpg 2048w, https:\/\/heilipalmjewellery.com\/wp-content\/uploads\/2025\/12\/NB12-2-1-15x12.jpg 15w, https:\/\/heilipalmjewellery.com\/wp-content\/uploads\/2025\/12\/NB12-2-1-960x768.jpg 960w\" sizes=\"(max-width: 800px) 100vw, 800px\" \/><\/p>","protected":false},"excerpt":{"rendered":"<p><strong>Nightbloom-Silver filigree jewellery set with black onyx. \u201cNightbloom\u201d<\/strong><\/p>\n<h4>Jewellery set \u201cNightbloom\u201d<\/h4>\n<p>&nbsp;<\/p>\n<ul>\n<li class=\" translation-block\"><strong>Jewellery set contains <a title=\"Filigraan ripats kaelav\u00f5ruga \u201e Nightbloom\u201d\" href=\"https:\/\/heilipalmjewellery.com\/product\/filigraan-ripats-kaelavoruga-925-hobe-ja-must-oonuks-nightbloom\/\" target=\"_blank\" rel=\"noopener\">pendant<\/a> and <a title=\"Filigraan k\u00f5rvar\u00f5ngad \u201e Nightbloom\u201d\" href=\"https:\/\/heilipalmjewellery.com\/product\/filigraan-korvarongad-925-hobe-ja-must-oonuks-nightbloom\/\" target=\"_blank\" rel=\"noopener\">earrings.<\/a><\/strong><\/li>\n<\/ul>\n<p>\u201cNightbloom\u201d is a silver filigree jewellery set where the depth of night meets a gentle shimmer of light. Deep black onyx rests at the heart of each piece, surrounded by delicate filigree that unfolds like a flower in the dark.\n\nThe set includes a pendant necklace and earrings. \nThe earring hooks are removable.<\/p>\n<p>&nbsp;<\/p>","protected":false},"featured_media":1530,"template":"","meta":{"_uag_custom_page_level_css":"","site-sidebar-layout":"default","site-content-layout":"","ast-site-content-layout":"default","site-content-style":"default","site-sidebar-style":"default","ast-global-header-display":"","ast-banner-title-visibility":"","ast-main-header-display":"","ast-hfb-above-header-display":"","ast-hfb-below-header-display":"","ast-hfb-mobile-header-display":"","site-post-title":"","ast-breadcrumbs-content":"","ast-featured-img":"","footer-sml-layout":"","ast-disable-related-posts":"","theme-transparent-header-meta":"default","adv-header-id-meta":"","stick-header-meta":"default","header-above-stick-meta":"","header-main-stick-meta":"","header-below-stick-meta":"","astra-migrate-meta-layouts":"set","ast-page-background-enabled":"default","ast-page-background-meta":{"desktop":{"background-color":"var(--ast-global-color-5)","background-image":"","background-repeat":"repeat","background-position":"center center","background-size":"auto","background-attachment":"scroll","background-type":"","background-media":"","overlay-type":"","overlay-color":"","overlay-opacity":"","overlay-gradient":""},"tablet":{"background-color":"","background-image":"","background-repeat":"repeat","background-position":"center center","background-size":"auto","background-attachment":"scroll","background-type":"","background-media":"","overlay-type":"","overlay-color":"","overlay-opacity":"","overlay-gradient":""},"mobile":{"background-color":"","background-image":"","background-repeat":"repeat","background-position":"center center","background-size":"auto","background-attachment":"scroll","background-type":"","background-media":"","overlay-type":"","overlay-color":"","overlay-opacity":"","overlay-gradient":""}},"ast-content-background-meta":{"desktop":{"background-color":"var(--ast-global-color-4)","background-image":"","background-repeat":"repeat","background-position":"center center","background-size":"auto","background-attachment":"scroll","background-type":"","background-media":"","overlay-type":"","overlay-color":"","overlay-opacity":"","overlay-gradient":""},"tablet":{"background-color":"var(--ast-global-color-4)","background-image":"","background-repeat":"repeat","background-position":"center center","background-size":"auto","background-attachment":"scroll","background-type":"","background-media":"","overlay-type":"","overlay-color":"","overlay-opacity":"","overlay-gradient":""},"mobile":{"background-color":"var(--ast-global-color-4)","background-image":"","background-repeat":"repeat","background-position":"center center","background-size":"auto","background-attachment":"scroll","background-type":"","background-media":"","overlay-type":"","overlay-color":"","overlay-opacity":"","overlay-gradient":""}}},"product_brand":[68],"product_cat":[84,35,46],"product_tag":[85,42,49,41,83,48],"class_list":{"0":"post-1537","1":"product","2":"type-product","3":"status-publish","4":"has-post-thumbnail","6":"product_brand-heili-palm-jewellery","7":"product_cat-ehtekomplektid","8":"product_cat-korvarongad","9":"product_cat-ripatsid-ja-kaelaehted","10":"product_tag-ehtekomplekt","11":"product_tag-hobe","12":"product_tag-kaelaehted","13":"product_tag-korvarongad","14":"product_tag-must-oonuks","15":"product_tag-ripatsid","16":"desktop-align-center","17":"tablet-align-left","18":"mobile-align-left","19":"ast-product-gallery-layout-first-image-large","20":"ast-product-tabs-layout-horizontal","21":"ast-qv-on-image","23":"first","24":"instock","25":"sale","26":"shipping-taxable","27":"purchasable","28":"product-type-simple"},"aioseo_notices":[],"uagb_featured_image_src":{"full":["https:\/\/heilipalmjewellery.com\/wp-content\/uploads\/2025\/12\/NB12-1-1-scaled.jpg",2560,2049,false],"thumbnail":["https:\/\/heilipalmjewellery.com\/wp-content\/uploads\/2025\/12\/NB12-1-1-150x150.jpg",150,150,true],"medium":["https:\/\/heilipalmjewellery.com\/wp-content\/uploads\/2025\/12\/NB12-1-1-300x240.jpg",300,240,true],"medium_large":["https:\/\/heilipalmjewellery.com\/wp-content\/uploads\/2025\/12\/NB12-1-1-768x615.jpg",768,615,true],"large":["https:\/\/heilipalmjewellery.com\/wp-content\/uploads\/2025\/12\/NB12-1-1-1024x819.jpg",1024,819,true],"1536x1536":["https:\/\/heilipalmjewellery.com\/wp-content\/uploads\/2025\/12\/NB12-1-1-1536x1229.jpg",1536,1229,true],"2048x2048":["https:\/\/heilipalmjewellery.com\/wp-content\/uploads\/2025\/12\/NB12-1-1-2048x1639.jpg",2048,1639,true],"trp-custom-language-flag":["https:\/\/heilipalmjewellery.com\/wp-content\/uploads\/2025\/12\/NB12-1-1-15x12.jpg",15,12,true],"woocommerce_thumbnail":["https:\/\/heilipalmjewellery.com\/wp-content\/uploads\/2025\/12\/NB12-1-1-960x720.jpg",960,720,true],"woocommerce_single":["https:\/\/heilipalmjewellery.com\/wp-content\/uploads\/2025\/12\/NB12-1-1-960x768.jpg",960,768,true],"woocommerce_gallery_thumbnail":["https:\/\/heilipalmjewellery.com\/wp-content\/uploads\/2025\/12\/NB12-1-1-100x100.jpg",100,100,true]},"uagb_author_info":{"display_name":"Jewel","author_link":"https:\/\/heilipalmjewellery.com\/en\/author\/"},"uagb_comment_info":0,"uagb_excerpt":"H\u00f5bedast filigraanehete komplekt musta oon\u00fcksiga \u201e Nightbloom\u201d Komplekt \u201cNightbloom\u201d &nbsp; Komplektis on ripats ja k\u00f5rvar\u00f5ngad. Komplektis kohtuvad \u00f6\u00f6 s\u00fcgavus ja valguse \u00f5rn helk. S\u00fcgavmust oon\u00fcks on kui vaikne \u00f6\u00f6 s\u00fcda, mille \u00fcmber avaneb peen filigraanne lille\u00f5is. &nbsp;","_links":{"self":[{"href":"https:\/\/heilipalmjewellery.com\/en\/wp-json\/wp\/v2\/product\/1537","targetHints":{"allow":["GET"]}}],"collection":[{"href":"https:\/\/heilipalmjewellery.com\/en\/wp-json\/wp\/v2\/product"}],"about":[{"href":"https:\/\/heilipalmjewellery.com\/en\/wp-json\/wp\/v2\/types\/product"}],"wp:featuredmedia":[{"embeddable":true,"href":"https:\/\/heilipalmjewellery.com\/en\/wp-json\/wp\/v2\/media\/1530"}],"wp:attachment":[{"href":"https:\/\/heilipalmjewellery.com\/en\/wp-json\/wp\/v2\/media?parent=1537"}],"wp:term":[{"taxonomy":"product_brand","embeddable":true,"href":"https:\/\/heilipalmjewellery.com\/en\/wp-json\/wp\/v2\/product_brand?post=1537"},{"taxonomy":"product_cat","embeddable":true,"href":"https:\/\/heilipalmjewellery.com\/en\/wp-json\/wp\/v2\/product_cat?post=1537"},{"taxonomy":"product_tag","embeddable":true,"href":"https:\/\/heilipalmjewellery.com\/en\/wp-json\/wp\/v2\/product_tag?post=1537"}],"curies":[{"name":"wp","href":"https:\/\/api.w.org\/{rel}","templated":true}]}}