{"id":1536,"date":"2025-12-16T11:45:54","date_gmt":"2025-12-16T11:45:54","guid":{"rendered":"https:\/\/heilipalmjewellery.com\/?post_type=product&#038;p=1536"},"modified":"2026-05-14T07:53:42","modified_gmt":"2026-05-14T07:53:42","slug":"filigraan-ripats-kaelavoruga-925-hobe-ja-must-oonuks-nightbloom","status":"publish","type":"product","link":"https:\/\/heilipalmjewellery.com\/en\/product\/filigraan-ripats-kaelavoruga-925-hobe-ja-must-oonuks-nightbloom\/","title":{"rendered":"Filigraan ripats kaelav\u00f5ruga \u201e Nightbloom\u201d"},"content":{"rendered":"<p><img fetchpriority=\"high\" decoding=\"async\" class=\"alignnone wp-image-1534\" src=\"https:\/\/heilipalmjewellery.com\/wp-content\/uploads\/2025\/12\/NB2-1-1024x819.jpg\" alt=\"\" width=\"800\" height=\"640\" srcset=\"https:\/\/heilipalmjewellery.com\/wp-content\/uploads\/2025\/12\/NB2-1-1024x819.jpg 1024w, https:\/\/heilipalmjewellery.com\/wp-content\/uploads\/2025\/12\/NB2-1-300x240.jpg 300w, https:\/\/heilipalmjewellery.com\/wp-content\/uploads\/2025\/12\/NB2-1-768x614.jpg 768w, https:\/\/heilipalmjewellery.com\/wp-content\/uploads\/2025\/12\/NB2-1-1536x1229.jpg 1536w, https:\/\/heilipalmjewellery.com\/wp-content\/uploads\/2025\/12\/NB2-1-2048x1639.jpg 2048w, https:\/\/heilipalmjewellery.com\/wp-content\/uploads\/2025\/12\/NB2-1-15x12.jpg 15w, https:\/\/heilipalmjewellery.com\/wp-content\/uploads\/2025\/12\/NB2-1-960x768.jpg 960w\" sizes=\"(max-width: 800px) 100vw, 800px\" \/><\/p>","protected":false},"excerpt":{"rendered":"<p><strong>Filigraan ripats kaelav\u00f5ruga, 925 h\u00f5be ja must oon\u00fcks \u201e Nightbloom\u201d<\/strong><\/p>\n<p>Ripats komplektist \u201cNightbloom\u201d.<\/p>\n<ul>\n<li><strong>Ripats on saadaval nii eraldi kui ka komplektis <a title=\"Filigree Earrings \u201e Nightbloom\u201d\" href=\"https:\/\/heilipalmjewellery.com\/product\/filigraan-korvarongad-925-hobe-ja-must-oonuks-nightbloom\/\" target=\"_blank\" rel=\"noopener\">k\u00f5rvar\u00f5ngastega!\u00a0<\/a><\/strong><\/li>\n<li><strong>Vaata komplekti<\/strong><\/li>\n<\/ul>\n<p>\u201cNightbloom\u201d is a silver filigree jewellery set where the depth of night meets a gentle shimmer of light. Deep black onyx rests at the heart of each piece, surrounded by delicate filigree that unfolds like a flower in the dark.\n\nThe set includes a pendant necklace and earrings. \nThe earring hooks are removable.<\/p>\n<p>&nbsp;<\/p>","protected":false},"featured_media":1534,"template":"","meta":{"_uag_custom_page_level_css":"","site-sidebar-layout":"default","site-content-layout":"","ast-site-content-layout":"default","site-content-style":"default","site-sidebar-style":"default","ast-global-header-display":"","ast-banner-title-visibility":"","ast-main-header-display":"","ast-hfb-above-header-display":"","ast-hfb-below-header-display":"","ast-hfb-mobile-header-display":"","site-post-title":"","ast-breadcrumbs-content":"","ast-featured-img":"","footer-sml-layout":"","ast-disable-related-posts":"","theme-transparent-header-meta":"default","adv-header-id-meta":"","stick-header-meta":"default","header-above-stick-meta":"","header-main-stick-meta":"","header-below-stick-meta":"","astra-migrate-meta-layouts":"set","ast-page-background-enabled":"default","ast-page-background-meta":{"desktop":{"background-color":"var(--ast-global-color-5)","background-image":"","background-repeat":"repeat","background-position":"center center","background-size":"auto","background-attachment":"scroll","background-type":"","background-media":"","overlay-type":"","overlay-color":"","overlay-opacity":"","overlay-gradient":""},"tablet":{"background-color":"","background-image":"","background-repeat":"repeat","background-position":"center center","background-size":"auto","background-attachment":"scroll","background-type":"","background-media":"","overlay-type":"","overlay-color":"","overlay-opacity":"","overlay-gradient":""},"mobile":{"background-color":"","background-image":"","background-repeat":"repeat","background-position":"center center","background-size":"auto","background-attachment":"scroll","background-type":"","background-media":"","overlay-type":"","overlay-color":"","overlay-opacity":"","overlay-gradient":""}},"ast-content-background-meta":{"desktop":{"background-color":"var(--ast-global-color-4)","background-image":"","background-repeat":"repeat","background-position":"center center","background-size":"auto","background-attachment":"scroll","background-type":"","background-media":"","overlay-type":"","overlay-color":"","overlay-opacity":"","overlay-gradient":""},"tablet":{"background-color":"var(--ast-global-color-4)","background-image":"","background-repeat":"repeat","background-position":"center center","background-size":"auto","background-attachment":"scroll","background-type":"","background-media":"","overlay-type":"","overlay-color":"","overlay-opacity":"","overlay-gradient":""},"mobile":{"background-color":"var(--ast-global-color-4)","background-image":"","background-repeat":"repeat","background-position":"center center","background-size":"auto","background-attachment":"scroll","background-type":"","background-media":"","overlay-type":"","overlay-color":"","overlay-opacity":"","overlay-gradient":""}}},"product_brand":[68],"product_cat":[46],"product_tag":[42,49,83,48],"class_list":{"0":"post-1536","1":"product","2":"type-product","3":"status-publish","4":"has-post-thumbnail","6":"product_brand-heili-palm-jewellery","7":"product_cat-ripatsid-ja-kaelaehted","8":"product_tag-hobe","9":"product_tag-kaelaehted","10":"product_tag-must-oonuks","11":"product_tag-ripatsid","12":"desktop-align-center","13":"tablet-align-left","14":"mobile-align-left","15":"ast-product-gallery-layout-first-image-large","16":"ast-product-tabs-layout-horizontal","17":"ast-qv-on-image","19":"first","20":"instock","21":"shipping-taxable","22":"purchasable","23":"product-type-simple"},"aioseo_notices":[],"uagb_featured_image_src":{"full":["https:\/\/heilipalmjewellery.com\/wp-content\/uploads\/2025\/12\/NB2-1-scaled.jpg",2560,2048,false],"thumbnail":["https:\/\/heilipalmjewellery.com\/wp-content\/uploads\/2025\/12\/NB2-1-150x150.jpg",150,150,true],"medium":["https:\/\/heilipalmjewellery.com\/wp-content\/uploads\/2025\/12\/NB2-1-300x240.jpg",300,240,true],"medium_large":["https:\/\/heilipalmjewellery.com\/wp-content\/uploads\/2025\/12\/NB2-1-768x614.jpg",768,614,true],"large":["https:\/\/heilipalmjewellery.com\/wp-content\/uploads\/2025\/12\/NB2-1-1024x819.jpg",1024,819,true],"1536x1536":["https:\/\/heilipalmjewellery.com\/wp-content\/uploads\/2025\/12\/NB2-1-1536x1229.jpg",1536,1229,true],"2048x2048":["https:\/\/heilipalmjewellery.com\/wp-content\/uploads\/2025\/12\/NB2-1-2048x1639.jpg",2048,1639,true],"trp-custom-language-flag":["https:\/\/heilipalmjewellery.com\/wp-content\/uploads\/2025\/12\/NB2-1-15x12.jpg",15,12,true],"woocommerce_thumbnail":["https:\/\/heilipalmjewellery.com\/wp-content\/uploads\/2025\/12\/NB2-1-960x720.jpg",960,720,true],"woocommerce_single":["https:\/\/heilipalmjewellery.com\/wp-content\/uploads\/2025\/12\/NB2-1-960x768.jpg",960,768,true],"woocommerce_gallery_thumbnail":["https:\/\/heilipalmjewellery.com\/wp-content\/uploads\/2025\/12\/NB2-1-100x100.jpg",100,100,true]},"uagb_author_info":{"display_name":"Jewel","author_link":"https:\/\/heilipalmjewellery.com\/en\/author\/"},"uagb_comment_info":0,"uagb_excerpt":"Filigraan ripats kaelav\u00f5ruga, 925 h\u00f5be ja must oon\u00fcks \u201e Nightbloom\u201d Ripats komplektist \u201cNightbloom\u201d. Ripats on saadaval nii eraldi kui ka komplektis k\u00f5rvar\u00f5ngastega!\u00a0 Vaata komplekti Komplektis kohtuvad \u00f6\u00f6 s\u00fcgavus ja valguse \u00f5rn helk. S\u00fcgavmust oon\u00fcks on kui vaikne \u00f6\u00f6 s\u00fcda, mille \u00fcmber avaneb peen filigraanne lille\u00f5is. &nbsp;","_links":{"self":[{"href":"https:\/\/heilipalmjewellery.com\/en\/wp-json\/wp\/v2\/product\/1536","targetHints":{"allow":["GET"]}}],"collection":[{"href":"https:\/\/heilipalmjewellery.com\/en\/wp-json\/wp\/v2\/product"}],"about":[{"href":"https:\/\/heilipalmjewellery.com\/en\/wp-json\/wp\/v2\/types\/product"}],"wp:featuredmedia":[{"embeddable":true,"href":"https:\/\/heilipalmjewellery.com\/en\/wp-json\/wp\/v2\/media\/1534"}],"wp:attachment":[{"href":"https:\/\/heilipalmjewellery.com\/en\/wp-json\/wp\/v2\/media?parent=1536"}],"wp:term":[{"taxonomy":"product_brand","embeddable":true,"href":"https:\/\/heilipalmjewellery.com\/en\/wp-json\/wp\/v2\/product_brand?post=1536"},{"taxonomy":"product_cat","embeddable":true,"href":"https:\/\/heilipalmjewellery.com\/en\/wp-json\/wp\/v2\/product_cat?post=1536"},{"taxonomy":"product_tag","embeddable":true,"href":"https:\/\/heilipalmjewellery.com\/en\/wp-json\/wp\/v2\/product_tag?post=1536"}],"curies":[{"name":"wp","href":"https:\/\/api.w.org\/{rel}","templated":true}]}}