{"id":1529,"date":"2025-12-16T11:31:52","date_gmt":"2025-12-16T11:31:52","guid":{"rendered":"https:\/\/heilipalmjewellery.com\/?post_type=product&#038;p=1529"},"modified":"2026-05-14T07:52:30","modified_gmt":"2026-05-14T07:52:30","slug":"filigraan-korvarongad-925-hobe-ja-must-oonuks-nightbloom","status":"publish","type":"product","link":"https:\/\/heilipalmjewellery.com\/en\/product\/filigraan-korvarongad-925-hobe-ja-must-oonuks-nightbloom\/","title":{"rendered":"Filigree Earrings \u201e Nightbloom\u201d"},"content":{"rendered":"<p><img fetchpriority=\"high\" decoding=\"async\" class=\"alignnone wp-image-1525\" src=\"https:\/\/heilipalmjewellery.com\/wp-content\/uploads\/2025\/12\/NB1-2-1024x819.jpg\" alt=\"\" width=\"800\" height=\"640\" srcset=\"https:\/\/heilipalmjewellery.com\/wp-content\/uploads\/2025\/12\/NB1-2-1024x819.jpg 1024w, https:\/\/heilipalmjewellery.com\/wp-content\/uploads\/2025\/12\/NB1-2-300x240.jpg 300w, https:\/\/heilipalmjewellery.com\/wp-content\/uploads\/2025\/12\/NB1-2-768x614.jpg 768w, https:\/\/heilipalmjewellery.com\/wp-content\/uploads\/2025\/12\/NB1-2-1536x1229.jpg 1536w, https:\/\/heilipalmjewellery.com\/wp-content\/uploads\/2025\/12\/NB1-2-2048x1639.jpg 2048w, https:\/\/heilipalmjewellery.com\/wp-content\/uploads\/2025\/12\/NB1-2-15x12.jpg 15w, https:\/\/heilipalmjewellery.com\/wp-content\/uploads\/2025\/12\/NB1-2-960x768.jpg 960w\" sizes=\"(max-width: 800px) 100vw, 800px\" \/><\/p>","protected":false},"excerpt":{"rendered":"<p><strong>Filigree Earrings in 925 Silver with black onyx \u201cNightbloom\u201d.<\/strong><\/p>\n<p>Filigree Earrings in 925 Silver with black onyx  \u201cNightbloom\u201d.<\/p>\n<ul>\n<li><strong>Earrings are available separately and also in set with <a title=\"Filigraan ripats kaelav\u00f5ruga \u201e Nightbloom\u201d\" href=\"https:\/\/heilipalmjewellery.com\/product\/filigraan-ripats-kaelavoruga-925-hobe-ja-must-oonuks-nightbloom\/\" target=\"_blank\" rel=\"noopener\">pendant<\/a>!<\/strong><\/li>\n<\/ul>\n<p>\u201cNightbloom\u201d is a silver filigree jewellery set where the depth of night meets a gentle shimmer of light. Deep black onyx rests at the heart of each piece, surrounded by delicate filigree that unfolds like a flower in the dark.\n\nThe set includes a pendant necklace and earrings. \nThe earring hooks are removable.<\/p>\n<p>The set includes a pendant necklace and earrings.<\/p>\n<p>The earring hooks are removable.<\/p>","protected":false},"featured_media":1524,"template":"","meta":{"_uag_custom_page_level_css":"","site-sidebar-layout":"default","site-content-layout":"","ast-site-content-layout":"default","site-content-style":"default","site-sidebar-style":"default","ast-global-header-display":"","ast-banner-title-visibility":"","ast-main-header-display":"","ast-hfb-above-header-display":"","ast-hfb-below-header-display":"","ast-hfb-mobile-header-display":"","site-post-title":"","ast-breadcrumbs-content":"","ast-featured-img":"","footer-sml-layout":"","ast-disable-related-posts":"","theme-transparent-header-meta":"default","adv-header-id-meta":"","stick-header-meta":"default","header-above-stick-meta":"","header-main-stick-meta":"","header-below-stick-meta":"","astra-migrate-meta-layouts":"set","ast-page-background-enabled":"default","ast-page-background-meta":{"desktop":{"background-color":"var(--ast-global-color-5)","background-image":"","background-repeat":"repeat","background-position":"center center","background-size":"auto","background-attachment":"scroll","background-type":"","background-media":"","overlay-type":"","overlay-color":"","overlay-opacity":"","overlay-gradient":""},"tablet":{"background-color":"","background-image":"","background-repeat":"repeat","background-position":"center center","background-size":"auto","background-attachment":"scroll","background-type":"","background-media":"","overlay-type":"","overlay-color":"","overlay-opacity":"","overlay-gradient":""},"mobile":{"background-color":"","background-image":"","background-repeat":"repeat","background-position":"center center","background-size":"auto","background-attachment":"scroll","background-type":"","background-media":"","overlay-type":"","overlay-color":"","overlay-opacity":"","overlay-gradient":""}},"ast-content-background-meta":{"desktop":{"background-color":"var(--ast-global-color-4)","background-image":"","background-repeat":"repeat","background-position":"center center","background-size":"auto","background-attachment":"scroll","background-type":"","background-media":"","overlay-type":"","overlay-color":"","overlay-opacity":"","overlay-gradient":""},"tablet":{"background-color":"var(--ast-global-color-4)","background-image":"","background-repeat":"repeat","background-position":"center center","background-size":"auto","background-attachment":"scroll","background-type":"","background-media":"","overlay-type":"","overlay-color":"","overlay-opacity":"","overlay-gradient":""},"mobile":{"background-color":"var(--ast-global-color-4)","background-image":"","background-repeat":"repeat","background-position":"center center","background-size":"auto","background-attachment":"scroll","background-type":"","background-media":"","overlay-type":"","overlay-color":"","overlay-opacity":"","overlay-gradient":""}}},"product_brand":[68],"product_cat":[35],"product_tag":[42,41,83],"class_list":{"0":"post-1529","1":"product","2":"type-product","3":"status-publish","4":"has-post-thumbnail","6":"product_brand-heili-palm-jewellery","7":"product_cat-korvarongad","8":"product_tag-hobe","9":"product_tag-korvarongad","10":"product_tag-must-oonuks","11":"desktop-align-center","12":"tablet-align-left","13":"mobile-align-left","14":"ast-product-gallery-layout-first-image-large","15":"ast-product-tabs-layout-horizontal","16":"ast-qv-on-image","18":"first","19":"instock","20":"shipping-taxable","21":"purchasable","22":"product-type-simple"},"aioseo_notices":[],"uagb_featured_image_src":{"full":["https:\/\/heilipalmjewellery.com\/wp-content\/uploads\/2025\/12\/NB1-1-scaled.jpg",2560,2048,false],"thumbnail":["https:\/\/heilipalmjewellery.com\/wp-content\/uploads\/2025\/12\/NB1-1-150x150.jpg",150,150,true],"medium":["https:\/\/heilipalmjewellery.com\/wp-content\/uploads\/2025\/12\/NB1-1-300x240.jpg",300,240,true],"medium_large":["https:\/\/heilipalmjewellery.com\/wp-content\/uploads\/2025\/12\/NB1-1-768x614.jpg",768,614,true],"large":["https:\/\/heilipalmjewellery.com\/wp-content\/uploads\/2025\/12\/NB1-1-1024x819.jpg",1024,819,true],"1536x1536":["https:\/\/heilipalmjewellery.com\/wp-content\/uploads\/2025\/12\/NB1-1-1536x1229.jpg",1536,1229,true],"2048x2048":["https:\/\/heilipalmjewellery.com\/wp-content\/uploads\/2025\/12\/NB1-1-2048x1638.jpg",2048,1638,true],"trp-custom-language-flag":["https:\/\/heilipalmjewellery.com\/wp-content\/uploads\/2025\/12\/NB1-1-15x12.jpg",15,12,true],"woocommerce_thumbnail":["https:\/\/heilipalmjewellery.com\/wp-content\/uploads\/2025\/12\/NB1-1-960x720.jpg",960,720,true],"woocommerce_single":["https:\/\/heilipalmjewellery.com\/wp-content\/uploads\/2025\/12\/NB1-1-960x768.jpg",960,768,true],"woocommerce_gallery_thumbnail":["https:\/\/heilipalmjewellery.com\/wp-content\/uploads\/2025\/12\/NB1-1-100x100.jpg",100,100,true]},"uagb_author_info":{"display_name":"Jewel","author_link":"https:\/\/heilipalmjewellery.com\/en\/author\/"},"uagb_comment_info":0,"uagb_excerpt":"Filigraan k\u00f5rvar\u00f5ngad, 925 h\u00f5be ja must oon\u00fcks\u00a0\u201e Nightbloom\u201d H\u00f5bek\u00f5rvar\u00f5ngad komplektist \u201cNightbloom\u201d. K\u00f5rvar\u00f5ngad on saadaval nii eraldi kui ka komplektis ripatsiga! Komplektis kohtuvad \u00f6\u00f6 s\u00fcgavus ja valguse \u00f5rn helk. S\u00fcgavmust oon\u00fcks on kui vaikne \u00f6\u00f6 s\u00fcda, mille \u00fcmber avaneb peen filigraanne lille\u00f5is. Komplekti kuuluvad ripats-kaelaehe ja k\u00f5rvar\u00f5ngad. K\u00f5rvar\u00f5nga konksud on eemaldatavad.","_links":{"self":[{"href":"https:\/\/heilipalmjewellery.com\/en\/wp-json\/wp\/v2\/product\/1529","targetHints":{"allow":["GET"]}}],"collection":[{"href":"https:\/\/heilipalmjewellery.com\/en\/wp-json\/wp\/v2\/product"}],"about":[{"href":"https:\/\/heilipalmjewellery.com\/en\/wp-json\/wp\/v2\/types\/product"}],"wp:featuredmedia":[{"embeddable":true,"href":"https:\/\/heilipalmjewellery.com\/en\/wp-json\/wp\/v2\/media\/1524"}],"wp:attachment":[{"href":"https:\/\/heilipalmjewellery.com\/en\/wp-json\/wp\/v2\/media?parent=1529"}],"wp:term":[{"taxonomy":"product_brand","embeddable":true,"href":"https:\/\/heilipalmjewellery.com\/en\/wp-json\/wp\/v2\/product_brand?post=1529"},{"taxonomy":"product_cat","embeddable":true,"href":"https:\/\/heilipalmjewellery.com\/en\/wp-json\/wp\/v2\/product_cat?post=1529"},{"taxonomy":"product_tag","embeddable":true,"href":"https:\/\/heilipalmjewellery.com\/en\/wp-json\/wp\/v2\/product_tag?post=1529"}],"curies":[{"name":"wp","href":"https:\/\/api.w.org\/{rel}","templated":true}]}}