{"id":1297,"date":"2025-12-03T21:56:16","date_gmt":"2025-12-03T21:56:16","guid":{"rendered":"https:\/\/heilipalmjewellery.com\/?post_type=product&#038;p=1297"},"modified":"2025-12-07T02:27:30","modified_gmt":"2025-12-07T02:27:30","slug":"messingist-ja-nahast-kaevoru-jaspis-poolvaariskividega","status":"publish","type":"product","link":"https:\/\/heilipalmjewellery.com\/en\/product\/messingist-ja-nahast-kaevoru-jaspis-poolvaariskividega\/","title":{"rendered":"Brass and Leather Bracelet with Jasper gemstones"},"content":{"rendered":"<p><img fetchpriority=\"high\" decoding=\"async\" class=\"alignnone wp-image-1300\" src=\"https:\/\/heilipalmjewellery.com\/wp-content\/uploads\/2025\/12\/MES8-3-scaled.jpg\" alt=\"\" width=\"800\" height=\"640\" srcset=\"https:\/\/heilipalmjewellery.com\/wp-content\/uploads\/2025\/12\/MES8-3-scaled.jpg 2560w, https:\/\/heilipalmjewellery.com\/wp-content\/uploads\/2025\/12\/MES8-3-300x240.jpg 300w, https:\/\/heilipalmjewellery.com\/wp-content\/uploads\/2025\/12\/MES8-3-1024x819.jpg 1024w, https:\/\/heilipalmjewellery.com\/wp-content\/uploads\/2025\/12\/MES8-3-768x614.jpg 768w, https:\/\/heilipalmjewellery.com\/wp-content\/uploads\/2025\/12\/MES8-3-1536x1229.jpg 1536w, https:\/\/heilipalmjewellery.com\/wp-content\/uploads\/2025\/12\/MES8-3-2048x1639.jpg 2048w, https:\/\/heilipalmjewellery.com\/wp-content\/uploads\/2025\/12\/MES8-3-15x12.jpg 15w, https:\/\/heilipalmjewellery.com\/wp-content\/uploads\/2025\/12\/MES8-3-960x768.jpg 960w\" sizes=\"(max-width: 800px) 100vw, 800px\" \/><\/p>","protected":false},"excerpt":{"rendered":"<p><strong>Brass and Leather Bracelet with Jasper gemstones<\/strong><\/p>\n<p>The bracelet is adjustable and fits wrists up to 190 mm in circumference.<\/p>\n<p>&nbsp;<\/p>\n<p>&nbsp;<\/p>","protected":false},"featured_media":1298,"template":"","meta":{"_uag_custom_page_level_css":"","site-sidebar-layout":"default","site-content-layout":"","ast-site-content-layout":"default","site-content-style":"default","site-sidebar-style":"default","ast-global-header-display":"","ast-banner-title-visibility":"","ast-main-header-display":"","ast-hfb-above-header-display":"","ast-hfb-below-header-display":"","ast-hfb-mobile-header-display":"","site-post-title":"","ast-breadcrumbs-content":"","ast-featured-img":"","footer-sml-layout":"","ast-disable-related-posts":"","theme-transparent-header-meta":"default","adv-header-id-meta":"","stick-header-meta":"default","header-above-stick-meta":"","header-main-stick-meta":"","header-below-stick-meta":"","astra-migrate-meta-layouts":"set","ast-page-background-enabled":"default","ast-page-background-meta":{"desktop":{"background-color":"var(--ast-global-color-5)","background-image":"","background-repeat":"repeat","background-position":"center center","background-size":"auto","background-attachment":"scroll","background-type":"","background-media":"","overlay-type":"","overlay-color":"","overlay-opacity":"","overlay-gradient":""},"tablet":{"background-color":"","background-image":"","background-repeat":"repeat","background-position":"center center","background-size":"auto","background-attachment":"scroll","background-type":"","background-media":"","overlay-type":"","overlay-color":"","overlay-opacity":"","overlay-gradient":""},"mobile":{"background-color":"","background-image":"","background-repeat":"repeat","background-position":"center center","background-size":"auto","background-attachment":"scroll","background-type":"","background-media":"","overlay-type":"","overlay-color":"","overlay-opacity":"","overlay-gradient":""}},"ast-content-background-meta":{"desktop":{"background-color":"var(--ast-global-color-4)","background-image":"","background-repeat":"repeat","background-position":"center center","background-size":"auto","background-attachment":"scroll","background-type":"","background-media":"","overlay-type":"","overlay-color":"","overlay-opacity":"","overlay-gradient":""},"tablet":{"background-color":"var(--ast-global-color-4)","background-image":"","background-repeat":"repeat","background-position":"center center","background-size":"auto","background-attachment":"scroll","background-type":"","background-media":"","overlay-type":"","overlay-color":"","overlay-opacity":"","overlay-gradient":""},"mobile":{"background-color":"var(--ast-global-color-4)","background-image":"","background-repeat":"repeat","background-position":"center center","background-size":"auto","background-attachment":"scroll","background-type":"","background-media":"","overlay-type":"","overlay-color":"","overlay-opacity":"","overlay-gradient":""}}},"product_brand":[68],"product_cat":[74],"product_tag":[82,60,69,80],"class_list":{"0":"post-1297","1":"product","2":"type-product","3":"status-publish","4":"has-post-thumbnail","6":"product_brand-heili-palm-jewellery","7":"product_cat-messingist-kaevorud","8":"product_tag-jaspis","9":"product_tag-kaevoru","10":"product_tag-messing","11":"product_tag-nahk","12":"desktop-align-center","13":"tablet-align-left","14":"mobile-align-left","15":"ast-product-gallery-layout-first-image-large","16":"ast-product-tabs-layout-horizontal","17":"ast-qv-on-image","19":"first","20":"instock","21":"shipping-taxable","22":"purchasable","23":"product-type-simple"},"aioseo_notices":[],"uagb_featured_image_src":{"full":["https:\/\/heilipalmjewellery.com\/wp-content\/uploads\/2025\/12\/MES8-1-scaled.jpg",2560,2048,false],"thumbnail":["https:\/\/heilipalmjewellery.com\/wp-content\/uploads\/2025\/12\/MES8-1-150x150.jpg",150,150,true],"medium":["https:\/\/heilipalmjewellery.com\/wp-content\/uploads\/2025\/12\/MES8-1-300x240.jpg",300,240,true],"medium_large":["https:\/\/heilipalmjewellery.com\/wp-content\/uploads\/2025\/12\/MES8-1-768x614.jpg",768,614,true],"large":["https:\/\/heilipalmjewellery.com\/wp-content\/uploads\/2025\/12\/MES8-1-1024x819.jpg",1024,819,true],"1536x1536":["https:\/\/heilipalmjewellery.com\/wp-content\/uploads\/2025\/12\/MES8-1-1536x1229.jpg",1536,1229,true],"2048x2048":["https:\/\/heilipalmjewellery.com\/wp-content\/uploads\/2025\/12\/MES8-1-2048x1639.jpg",2048,1639,true],"trp-custom-language-flag":["https:\/\/heilipalmjewellery.com\/wp-content\/uploads\/2025\/12\/MES8-1-15x12.jpg",15,12,true],"woocommerce_thumbnail":["https:\/\/heilipalmjewellery.com\/wp-content\/uploads\/2025\/12\/MES8-1-960x720.jpg",960,720,true],"woocommerce_single":["https:\/\/heilipalmjewellery.com\/wp-content\/uploads\/2025\/12\/MES8-1-960x768.jpg",960,768,true],"woocommerce_gallery_thumbnail":["https:\/\/heilipalmjewellery.com\/wp-content\/uploads\/2025\/12\/MES8-1-100x100.jpg",100,100,true]},"uagb_author_info":{"display_name":"Jewel","author_link":"https:\/\/heilipalmjewellery.com\/en\/author\/"},"uagb_comment_info":0,"uagb_excerpt":"Messingist ja nahast \u00a0k\u00e4ev\u00f5ru Jaspis poolv\u00e4\u00e4riskividega K\u00e4ev\u00f5ru on reguleeritav ja sobib randme \u00fcmberm\u00f5\u00f5dule kuni 190 mm &nbsp; &nbsp;","_links":{"self":[{"href":"https:\/\/heilipalmjewellery.com\/en\/wp-json\/wp\/v2\/product\/1297","targetHints":{"allow":["GET"]}}],"collection":[{"href":"https:\/\/heilipalmjewellery.com\/en\/wp-json\/wp\/v2\/product"}],"about":[{"href":"https:\/\/heilipalmjewellery.com\/en\/wp-json\/wp\/v2\/types\/product"}],"wp:featuredmedia":[{"embeddable":true,"href":"https:\/\/heilipalmjewellery.com\/en\/wp-json\/wp\/v2\/media\/1298"}],"wp:attachment":[{"href":"https:\/\/heilipalmjewellery.com\/en\/wp-json\/wp\/v2\/media?parent=1297"}],"wp:term":[{"taxonomy":"product_brand","embeddable":true,"href":"https:\/\/heilipalmjewellery.com\/en\/wp-json\/wp\/v2\/product_brand?post=1297"},{"taxonomy":"product_cat","embeddable":true,"href":"https:\/\/heilipalmjewellery.com\/en\/wp-json\/wp\/v2\/product_cat?post=1297"},{"taxonomy":"product_tag","embeddable":true,"href":"https:\/\/heilipalmjewellery.com\/en\/wp-json\/wp\/v2\/product_tag?post=1297"}],"curies":[{"name":"wp","href":"https:\/\/api.w.org\/{rel}","templated":true}]}}