{"id":691,"date":"2025-09-23T15:38:13","date_gmt":"2025-09-23T15:38:13","guid":{"rendered":"https:\/\/heilipalmjewellery.com\/?page_id=691"},"modified":"2025-12-03T23:23:32","modified_gmt":"2025-12-03T23:23:32","slug":"heili-palm-jewellery","status":"publish","type":"page","link":"https:\/\/heilipalmjewellery.com\/en\/heili-palm-jewellery\/","title":{"rendered":"Heili Palm Jewellery"},"content":{"rendered":"<div data-elementor-type=\"wp-page\" data-elementor-id=\"691\" class=\"elementor elementor-691\">\n\t\t\t\t<div class=\"elementor-element elementor-element-67494dc e-flex e-con-boxed wpr-particle-no wpr-jarallax-no wpr-parallax-no wpr-sticky-section-no wpr-equal-height-no e-con e-parent\" data-id=\"67494dc\" data-element_type=\"container\" data-e-type=\"container\">\n\t\t\t\t\t<div class=\"e-con-inner\">\n\t\t\t\t<div class=\"elementor-element elementor-element-4b09ffc elementor-widget elementor-widget-image\" data-id=\"4b09ffc\" data-element_type=\"widget\" data-e-type=\"widget\" data-widget_type=\"image.default\">\n\t\t\t\t\t\t\t\t\t\t\t\t\t\t\t<img fetchpriority=\"high\" decoding=\"async\" width=\"768\" height=\"486\" src=\"https:\/\/heilipalmjewellery.com\/wp-content\/uploads\/2025\/09\/Draakon-4-v-768x486.jpg\" class=\"attachment-medium_large size-medium_large wp-image-254\" alt=\"\" srcset=\"https:\/\/heilipalmjewellery.com\/wp-content\/uploads\/2025\/09\/Draakon-4-v-768x486.jpg 768w, https:\/\/heilipalmjewellery.com\/wp-content\/uploads\/2025\/09\/Draakon-4-v-960x607.jpg 960w, https:\/\/heilipalmjewellery.com\/wp-content\/uploads\/2025\/09\/Draakon-4-v-300x190.jpg 300w, https:\/\/heilipalmjewellery.com\/wp-content\/uploads\/2025\/09\/Draakon-4-v-1024x648.jpg 1024w, https:\/\/heilipalmjewellery.com\/wp-content\/uploads\/2025\/09\/Draakon-4-v.jpg 1366w\" sizes=\"(max-width: 768px) 100vw, 768px\" \/>\t\t\t\t\t\t\t\t\t\t\t\t\t\t\t<\/div>\n\t\t\t\t\t<\/div>\n\t\t\t\t<\/div>\n\t\t<div class=\"elementor-element elementor-element-3caa1b5 e-flex e-con-boxed wpr-particle-no wpr-jarallax-no wpr-parallax-no wpr-sticky-section-no wpr-equal-height-no e-con e-parent\" data-id=\"3caa1b5\" data-element_type=\"container\" data-e-type=\"container\">\n\t\t\t\t\t<div class=\"e-con-inner\">\n\t\t\t\t<div class=\"elementor-element elementor-element-43a14c0 elementor-widget elementor-widget-text-editor\" data-id=\"43a14c0\" data-element_type=\"widget\" data-e-type=\"widget\" data-widget_type=\"text-editor.default\">\n\t\t\t\t\t\t\t\t\t<p>My name is Heili Palm, and I am an Estonian jewelry, fashion, and costume designer.<\/p><p>I graduated from Euro University in 2006 with a degree in design and fashion arts, and have since been working as a freelance artist.<\/p><p>My artwork is characterized by femininity, elegance, and a refined sense of detail. I grew up in an artistic family \u2013 a passion for art has been with me since childhood. My grandfather, a ceramicist, and my father, an architect, were both involved in blacksmithing and metalwork. From them comes my deep respect for metal art and jewelry design.<\/p><p>My creative path has also been shaped by my earlier career as a figure skater and dancer, which ultimately led me to fashion and costume design. I have designed costumes for dance performances, creating both apparel and avant-garde stage costumes. I have also crafted unique competition dresses for figure skaters and dancers, as well as completed numerous custom orders.<\/p><p>In recent years, I have devoted myself primarily to jewelry design. I have experimented with various techniques and materials, but my heart belongs to silver and filigree work. Inspired by Art Nouveau, I launched my silver jewelry brand, Heili Palm Jewellery, in 2018.<\/p><p>I believe I have finally found my distinctive style, where the luxurious decor of delicate filigree techniques intertwines with features of Art Nouveau inspired by nature. This offers endless variations and creative challenges in every piece I make. In my work, I also incorporate various precious and semi-precious stones, as well as amber. Each of my creations is unique and crafted with great care and love.<\/p>\t\t\t\t\t\t\t\t<\/div>\n\t\t\t\t\t<\/div>\n\t\t\t\t<\/div>\n\t\t\t\t<\/div>","protected":false},"excerpt":{"rendered":"<p>Minu nimi on Heili Palm ning olen Eesti ehte-, moe- ja kost\u00fc\u00fcmikunstnik. Olen l\u00f5petanud Euro\u00fclikooli kujunduskunsti teaduskonna disainer-moekunstniku erialal 2006. aastal ning seej\u00e4rel tegutsenud vabakutselise kunstnikuna. Minu loomingut iseloomustavad naiselikkus, elegants ja peen detailitunnetus. Kasvasin \u00fcles kunstnike peres \u2013 kunsti kirg on saatnud mind lapsep\u00f5lvest saati. Minu keraamikust vanaisa ja arhitektist isa olid m\u00f5lemad seotud sepakunstiga ning metallehist\u00f6\u00f6ga. Just sealt p\u00e4rineb minu s\u00fcgav austus metallikunsti ja ehtekunsti vastu. Minu loomingulist teekonda on kujundanud ka varasem karj\u00e4\u00e4r iluuisutaja ja tantsijana, mis on mind ka moedisaini ja kost\u00fc\u00fcmikunsti juurde suunanud. Olen lavastanud ja kavandanud kost\u00fc\u00fcme tantsuetendustele ning loonud nii r\u00f5iva- kui ka avangardistlikke lavakost\u00fc\u00fcme. Olen valmistanud unikaalseid v\u00f5istluskleite iluuisutajatele ja tantsijatele ning teinud hulgaliselt individuaalseid tellimust\u00f6id. Viimastel aastatel olen p\u00fchendunud peamiselt ehtekunstile. Olen katsetanud erinevaid tehnikaid ja materjale, kuid minu s\u00fcda kuulub h\u00f5bedale ja filigraantehnikale. Juugendstiilist inspireerituna s\u00fcndis 2018. aastal minu h\u00f5beehete br\u00e4nd Heili Palm Jewellery. Usun et viimaks olen leidnud oma isikup\u00e4rase stiili, kus p\u00f5imuvad pitsilise filigraantehnika v\u00f5tete ja loodusest inspireeritud juugendlike joonte luksuslik dekoor. See pakub l\u00f5putuid variatsioone ja loomingulisi v\u00e4ljakutseid mistahes ehte valmistamisel. Oma loomingus kasutan ka erinevaid v\u00e4\u00e4ris- ja poolv\u00e4\u00e4riskive, samuti merevaiku. K\u00f5ik minu ehted on kordumatud ja valmistatud suure hoole ning armastusega.<\/p>","protected":false},"author":2,"featured_media":867,"parent":0,"menu_order":0,"comment_status":"closed","ping_status":"closed","template":"","meta":{"_uag_custom_page_level_css":"","site-sidebar-layout":"no-sidebar","site-content-layout":"","ast-site-content-layout":"full-width-container","site-content-style":"default","site-sidebar-style":"default","ast-global-header-display":"","ast-banner-title-visibility":"","ast-main-header-display":"","ast-hfb-above-header-display":"","ast-hfb-below-header-display":"","ast-hfb-mobile-header-display":"","site-post-title":"disabled","ast-breadcrumbs-content":"","ast-featured-img":"disabled","footer-sml-layout":"","ast-disable-related-posts":"","theme-transparent-header-meta":"","adv-header-id-meta":"","stick-header-meta":"","header-above-stick-meta":"","header-main-stick-meta":"","header-below-stick-meta":"","astra-migrate-meta-layouts":"default","ast-page-background-enabled":"default","ast-page-background-meta":{"desktop":{"background-color":"var(--ast-global-color-5)","background-image":"","background-repeat":"repeat","background-position":"center center","background-size":"auto","background-attachment":"scroll","background-type":"","background-media":"","overlay-type":"","overlay-color":"","overlay-opacity":"","overlay-gradient":""},"tablet":{"background-color":"","background-image":"","background-repeat":"repeat","background-position":"center center","background-size":"auto","background-attachment":"scroll","background-type":"","background-media":"","overlay-type":"","overlay-color":"","overlay-opacity":"","overlay-gradient":""},"mobile":{"background-color":"","background-image":"","background-repeat":"repeat","background-position":"center center","background-size":"auto","background-attachment":"scroll","background-type":"","background-media":"","overlay-type":"","overlay-color":"","overlay-opacity":"","overlay-gradient":""}},"ast-content-background-meta":{"desktop":{"background-color":"var(--ast-global-color-4)","background-image":"","background-repeat":"repeat","background-position":"center center","background-size":"auto","background-attachment":"scroll","background-type":"","background-media":"","overlay-type":"","overlay-color":"","overlay-opacity":"","overlay-gradient":""},"tablet":{"background-color":"var(--ast-global-color-4)","background-image":"","background-repeat":"repeat","background-position":"center center","background-size":"auto","background-attachment":"scroll","background-type":"","background-media":"","overlay-type":"","overlay-color":"","overlay-opacity":"","overlay-gradient":""},"mobile":{"background-color":"var(--ast-global-color-4)","background-image":"","background-repeat":"repeat","background-position":"center center","background-size":"auto","background-attachment":"scroll","background-type":"","background-media":"","overlay-type":"","overlay-color":"","overlay-opacity":"","overlay-gradient":""}},"footnotes":""},"class_list":["post-691","page","type-page","status-publish","has-post-thumbnail","hentry"],"aioseo_notices":[],"uagb_featured_image_src":{"full":["https:\/\/heilipalmjewellery.com\/wp-content\/uploads\/2025\/11\/True-Self-korvarongad4.jpg",2092,1673,false],"thumbnail":["https:\/\/heilipalmjewellery.com\/wp-content\/uploads\/2025\/11\/True-Self-korvarongad4-150x150.jpg",150,150,true],"medium":["https:\/\/heilipalmjewellery.com\/wp-content\/uploads\/2025\/11\/True-Self-korvarongad4-300x240.jpg",300,240,true],"medium_large":["https:\/\/heilipalmjewellery.com\/wp-content\/uploads\/2025\/11\/True-Self-korvarongad4-768x614.jpg",768,614,true],"large":["https:\/\/heilipalmjewellery.com\/wp-content\/uploads\/2025\/11\/True-Self-korvarongad4-1024x819.jpg",1024,819,true],"1536x1536":["https:\/\/heilipalmjewellery.com\/wp-content\/uploads\/2025\/11\/True-Self-korvarongad4-1536x1228.jpg",1536,1228,true],"2048x2048":["https:\/\/heilipalmjewellery.com\/wp-content\/uploads\/2025\/11\/True-Self-korvarongad4-2048x1638.jpg",2048,1638,true],"trp-custom-language-flag":["https:\/\/heilipalmjewellery.com\/wp-content\/uploads\/2025\/11\/True-Self-korvarongad4-15x12.jpg",15,12,true],"woocommerce_thumbnail":["https:\/\/heilipalmjewellery.com\/wp-content\/uploads\/2025\/11\/True-Self-korvarongad4-960x720.jpg",960,720,true],"woocommerce_single":["https:\/\/heilipalmjewellery.com\/wp-content\/uploads\/2025\/11\/True-Self-korvarongad4-960x768.jpg",960,768,true],"woocommerce_gallery_thumbnail":["https:\/\/heilipalmjewellery.com\/wp-content\/uploads\/2025\/11\/True-Self-korvarongad4-100x100.jpg",100,100,true]},"uagb_author_info":{"display_name":"Jewel","author_link":"https:\/\/heilipalmjewellery.com\/en\/author\/jewel\/"},"uagb_comment_info":0,"uagb_excerpt":"Minu nimi on Heili Palm ning olen Eesti ehte-, moe- ja kost\u00fc\u00fcmikunstnik. Olen l\u00f5petanud Euro\u00fclikooli kujunduskunsti teaduskonna disainer-moekunstniku erialal 2006. aastal ning seej\u00e4rel tegutsenud vabakutselise kunstnikuna. Minu loomingut iseloomustavad naiselikkus, elegants ja peen detailitunnetus. Kasvasin \u00fcles kunstnike peres \u2013 kunsti kirg on saatnud mind lapsep\u00f5lvest saati. Minu keraamikust vanaisa ja arhitektist isa olid m\u00f5lemad seotud&hellip;","_links":{"self":[{"href":"https:\/\/heilipalmjewellery.com\/en\/wp-json\/wp\/v2\/pages\/691","targetHints":{"allow":["GET"]}}],"collection":[{"href":"https:\/\/heilipalmjewellery.com\/en\/wp-json\/wp\/v2\/pages"}],"about":[{"href":"https:\/\/heilipalmjewellery.com\/en\/wp-json\/wp\/v2\/types\/page"}],"author":[{"embeddable":true,"href":"https:\/\/heilipalmjewellery.com\/en\/wp-json\/wp\/v2\/users\/2"}],"replies":[{"embeddable":true,"href":"https:\/\/heilipalmjewellery.com\/en\/wp-json\/wp\/v2\/comments?post=691"}],"version-history":[{"count":4,"href":"https:\/\/heilipalmjewellery.com\/en\/wp-json\/wp\/v2\/pages\/691\/revisions"}],"predecessor-version":[{"id":1327,"href":"https:\/\/heilipalmjewellery.com\/en\/wp-json\/wp\/v2\/pages\/691\/revisions\/1327"}],"wp:featuredmedia":[{"embeddable":true,"href":"https:\/\/heilipalmjewellery.com\/en\/wp-json\/wp\/v2\/media\/867"}],"wp:attachment":[{"href":"https:\/\/heilipalmjewellery.com\/en\/wp-json\/wp\/v2\/media?parent=691"}],"curies":[{"name":"wp","href":"https:\/\/api.w.org\/{rel}","templated":true}]}}