{"id":1667,"date":"2026-01-04T11:07:02","date_gmt":"2026-01-04T11:07:02","guid":{"rendered":"https:\/\/heilipalmjewellery.com\/?page_id=1667"},"modified":"2026-01-04T11:49:45","modified_gmt":"2026-01-04T11:49:45","slug":"ehete-hooldamine","status":"publish","type":"page","link":"https:\/\/heilipalmjewellery.com\/en\/ehete-hooldamine\/","title":{"rendered":"Jewellery Care"},"content":{"rendered":"<div data-elementor-type=\"wp-page\" data-elementor-id=\"1667\" class=\"elementor elementor-1667\">\n\t\t\t\t<div class=\"elementor-element elementor-element-42df53c e-flex e-con-boxed wpr-particle-no wpr-jarallax-no wpr-parallax-no wpr-sticky-section-no wpr-column-slider-no wpr-equal-height-no e-con e-parent\" data-id=\"42df53c\" data-element_type=\"container\" data-e-type=\"container\">\n\t\t\t\t\t<div class=\"e-con-inner\">\n\t\t\t\t<div class=\"elementor-element elementor-element-60c78b4 elementor-widget elementor-widget-spacer\" data-id=\"60c78b4\" data-element_type=\"widget\" data-e-type=\"widget\" data-widget_type=\"spacer.default\">\n\t\t\t\t\t\t\t<div class=\"elementor-spacer\">\n\t\t\t<div class=\"elementor-spacer-inner\"><\/div>\n\t\t<\/div>\n\t\t\t\t\t\t<\/div>\n\t\t\t\t<div class=\"elementor-element elementor-element-a0a99f1 elementor-widget elementor-widget-text-editor\" data-id=\"a0a99f1\" data-element_type=\"widget\" data-e-type=\"widget\" data-widget_type=\"text-editor.default\">\n\t\t\t\t\t\t\t\t\t<h3 style=\"text-align: justify;\">Jewellery Care<\/h3><p style=\"text-align: justify;\" class=\" translation-block\">Heili Palm Jewellery pieces are detailed and delicate, yet created to last a lifetime.\nTo ensure that your jewellery retains its beauty and brilliance over the years, it is important to follow a few simple care recommendations.<\/p><p style=\"text-align: justify;\" class=\" translation-block\"><strong>Lotions and Cosmetics<\/strong><br>I always recommend applying skincare and haircare products, cosmetics, and perfume before putting on your jewellery. It is important to avoid contact with products that have not yet fully absorbed into the skin or hair.\nSkincare and hair products can react with metals, causing jewellery to tarnish or corrode over time.<\/p><p style=\"text-align: justify;\" class=\" translation-block\"><strong>Water<\/strong><br>I am often asked whether jewellery can be worn in the shower \u2014 this is something I generally do not recommend.\nAlthough jewellery does need to be washed occasionally for maintenance purposes, soaps and body care products used in the shower can build up on the surface of the jewellery and dull its shine. If your jewellery does get wet, it should always be thoroughly dried.\nThe harsh chemicals found in swimming pools and the minerals in natural waters can cause rapid oxidation, so wearing jewellery in these environments should be avoided at all costs. The beach is also not an ideal place for jewellery \u2014 abrasive sand and salty seawater can damage pieces, and there is always a risk of losing a treasured item while swimming.<\/p><p style=\"text-align: justify;\" class=\" translation-block\"><strong>Activities and Exercise<\/strong><br>It is best to remove jewellery before engaging in any physical activity. Whether exercising, gardening, climbing, or cleaning, avoiding unnecessary stress helps prevent accidental damage.\nPerspiration can also contribute to jewellery tarnishing, so it is advisable to minimise this whenever possible.\n\nStore Jewellery Neatly and Separately\nI recommend storing jewellery at home in sealable plastic bags or airtight boxes. This helps prevent exposure to air, reduces oxidation, and keeps pieces from tangling.\nStoring jewellery separately prevents pendants and decorative elements from rubbing against one another, which can cause scratches. It also helps avoid chains becoming tangled.\nFor the same reasons, I recommend not sleeping while wearing jewellery.<\/p><p style=\"text-align: justify;\" class=\" translation-block\"><strong>Store Jewellery Neatly and Separately<\/strong><br>I recommend storing jewellery at home in sealable plastic bags or airtight boxes. This helps prevent exposure to air, reduces oxidation, and keeps pieces from tangling.\nStoring jewellery separately prevents pendants and decorative elements from rubbing against one another, which can cause scratches. It also helps avoid chains becoming tangled.\nFor the same reasons, I recommend not sleeping while wearing jewellery.<\/p><p style=\"text-align: justify;\" class=\" translation-block\"><strong>Proper Storage Conditions<\/strong><br>Avoid storing jewellery in open air or near heating sources, windowsills, or in bathrooms. Warm and humid conditions accelerate the natural oxidation process of silver and can cause jewellery to tarnish.<\/p><p style=\"text-align: justify;\" class=\" translation-block\"><strong>Igap\u00e4evane hooldus<\/strong><br>H\u00f5bedast ehted on loomup\u00e4raselt altid tuhmumisele, kuid selle kontrolli all hoidmiseks on mitmeid lihtsaid v\u00f5imalusi.<br>Lisaks hoolikale hoiustamisele aitab enne ehete \u00e4ra panemist nende \u00f5rn poleerimine spetsiaalse poleerimislapiga eemaldada kandmisel tekkinud j\u00e4\u00e4gid ja isegi \u00f5husaaste osakesed, mis omakorda v\u00e4hendab oks\u00fcdeerumist.<\/p><p style=\"text-align: justify;\" class=\" translation-block\"><strong>Washing and Cleaning<\/strong><br>It is best to clean jewellery as soon as you notice that it has become dirty.\nWhether silver, gold-plated, or solid gold, most jewellery benefits from occasional cleaning in warm soapy water. I recommend using dishwashing liquid and a soft toothbrush to gently remove dirt, followed by thorough rinsing and drying. Once the jewellery is completely dry, store it in an airtight box or sealable bag.<\/p><p style=\"text-align: justify;\" class=\" translation-block\"><strong>Silver Cleaning Solution<\/strong><br>If jewellery has become tarnished, a specialised silver cleaning solution may be used. However, caution is advised \u2014 these solutions contain strong chemicals that may be corrosive. Do not leave jewellery in the solution for too long, and always rinse it thoroughly under running water afterwards.<\/p><p style=\"text-align: justify;\" class=\" translation-block\"><strong>Deep Cleaning<\/strong><br>Ultrasonic cleaners are excellent for removing built-up dirt and are especially recommended for delicate jewellery, particularly rings that are worn daily.\nHigh-frequency sound waves in a water and cleaning solution penetrate the smallest crevices of the jewellery at a microscopic level, loosening and removing accumulated dirt.<\/p><p style=\"text-align: justify;\" class=\" translation-block\"><strong>Restoration and Repairs<\/strong><br>With proper care and storage, jewellery made by me is long-lasting.\nIf a piece no longer looks its best, it may be time for restoration. I offer a silver jewellery restoration service that brings back colour and shine, returning the piece to a like-new condition.\nIf your Heili Palm Jewellery piece is broken or damaged, I recommend contacting me directly as a first step.<\/p><div style=\"text-align: justify;\">\u00a0<\/div><div style=\"text-align: justify;\">\u00a0<\/div>\t\t\t\t\t\t\t\t<\/div>\n\t\t\t\t\t<\/div>\n\t\t\t\t<\/div>\n\t\t\t\t<\/div>","protected":false},"excerpt":{"rendered":"<p>Ehete hooldamine Heili Palm Jewellery ehted on detailsed ja \u00f5rnad, kuid loodud kestma kogu elu.Selleks, et ehe s\u00e4ilitaks oma ilu ja s\u00e4ra ka aastate m\u00f6\u00f6dudes, on oluline p\u00f6\u00f6rata t\u00e4helepanu m\u00f5ningatele hooldussoovitustele. Kreemid ja kosmeetikaSoovitan alati kanda naha- ja juuksehooldustooted, kosmeetika ning parf\u00fc\u00fcmi kehale enne ehete lisamist. Oluline on v\u00e4ltida kokkupuudet toodetega, mis ei ole veel t\u00e4ielikult nahale v\u00f5i juustesse imendunud.Naha- ja juuksetooted v\u00f5ivad metallidega reageerida, p\u00f5hjustades aja jooksul ehete tuhmumist ja korrosiooni. VesiSageli k\u00fcsitakse, kas ehetega v\u00f5ib du\u0161i all k\u00e4ia \u2013 seda ma pigem ei soovita.Kuigi ehteid tuleb hoolduse eesm\u00e4rgil aeg-ajalt pesta, v\u00f5ivad du\u0161i all kasutatavad seebid ja kehahooldustooted koguneda ehte pinnale ning v\u00e4hendada selle s\u00e4ra. Kui ehe siiski m\u00e4rjaks saab, tuleks see alati hoolikalt kuivatada.Basseinide tugevad kemikaalid ja looduslikud mineraalveed p\u00f5hjustavad kiiret oks\u00fcdeerumist, mist\u00f5ttu tuleks ehete kandmist sellistes keskkondades iga hinna eest v\u00e4ltida. Ka rand ei ole ehetele ideaalne paik \u2013 abrasiivne liiv ja soolane merevesi v\u00f5ivad ehteid kahjustada ning ujumise ajal on alati oht kaotada m\u00f5ni hinnaline ese. Tegevused ja sportParim on eemaldada ehted enne igasugust f\u00fc\u00fcsilist tegevust. Olgu selleks trenn, aiat\u00f6\u00f6d, ronimine v\u00f5i koristamine \u2013 alati on m\u00f5istlik v\u00e4ltida ehete juhuslikke kahjustusi.Ka higistamine v\u00f5ib kaasa aidata ehete tuhmumisele, seega tasub seda v\u00f5imalusel ennetada. Hoia ehted korras ja eraldiSoovitan kodus ehteid hoida suletavates kilekottides v\u00f5i \u00f5hukindlates karpides \u2013 need ei lase \u00f5hul ligi, v\u00e4hendades oks\u00fcdeerumist, ning aitavad v\u00e4ltida ka ehete sassi minemist.Ehete eraldi hoiustamine aitab v\u00e4ltida ripatsite ja detailide omavahelist h\u00f5\u00f5rdumist, mis v\u00f5ib p\u00f5hjustada kriimustusi. Samuti aitab see v\u00e4ltida kettide sassiminekut.Samal p\u00f5hjusel soovitan ka mitte magada ehted seljas. \u00d5iged hoiutingimusedV\u00e4ldi ehete hoidmist avatud \u00f5hus, k\u00fcttekehade, aknalaudade v\u00f5i vannitoa l\u00e4heduses \u2013 niisked ja soojad tingimused kiirendavad h\u00f5beda loomulikku oks\u00fcdeerumist ja p\u00f5hjustavad tuhmumist. Igap\u00e4evane hooldusH\u00f5bedast ehted on loomup\u00e4raselt altid tuhmumisele, kuid selle kontrolli all hoidmiseks on mitmeid lihtsaid v\u00f5imalusi.Lisaks hoolikale hoiustamisele aitab enne ehete \u00e4ra panemist nende \u00f5rn poleerimine spetsiaalse poleerimislapiga eemaldada kandmisel tekkinud j\u00e4\u00e4gid ja isegi \u00f5husaaste osakesed, mis omakorda v\u00e4hendab oks\u00fcdeerumist. Pesemine ja puhastamineParim on puhastada ehteid kohe, kui on teada, et ehe on m\u00e4\u00e4rdunud.Olgu tegemist h\u00f5beda, kullatud v\u00f5i t\u00e4iskullast ehtega \u2013 enamik ehteid saab kasu aeg-ajalt soojas seebivees pesemisest. Soovitan kasutada n\u00f5udepesuvahendit ja pehmet hambaharja mustuse eemaldamiseks, seej\u00e4rel ehe hoolikalt loputada ja korralikult kuivatada. Kui ehe on t\u00e4iesti kuiv, aseta see suletavasse \u00f5hukindlasse karpi v\u00f5i kilekotti. H\u00f5bedapuhastusvedelikKui ehe on muutunud tuhmiks, v\u00f5ib kasutada spetsiaalset h\u00f5bedapuhastusvedelikku. Kuid ettevaatust \u2013 need lahused sisaldavad tugevaid kemikaale, mis v\u00f5ivad olla s\u00f6\u00f6vitavad. \u00c4ra j\u00e4ta ehet vedelikku liiga kauaks ning loputa see p\u00e4rast hoolikalt jooksva vee all. S\u00fcvapuhastusUltrahelipuhastid sobivad suurep\u00e4raselt mustuse eemaldamiseks ning on eriti soovitatavad peente ehete, eesk\u00e4tt s\u00f5rmuste puhul, mida kantakse igap\u00e4evaselt.K\u00f5rgsageduslikud helilained vees ja puhastuslahuses tungivad ehte k\u00f5ige peenematesse pragudesse mikroskoopilisel tasandil, vabastades sinna kogunenud mustuse. Taastamine japarandamine\u00d5ige hoolduse ja hoiustamise korral on minu valmistatud ehted kauakestvad.Kui ehe ei n\u00e4e enam v\u00e4lja oma parimas vormis, v\u00f5ib olla aeg taastamiseks. Pakun h\u00f5bedast ehete taastamisteenust, mis toob tagasi v\u00e4rvi ja s\u00e4ra ning muudab ehte taas uuev\u00e4\u00e4rseks.Kui sinu Heili Palm Jewellery ehe on katki v\u00f5i kahjustatud, soovitan esmalt minuga \u00fchendust v\u00f5tta. \u00a0\u00a0<\/p>","protected":false},"author":2,"featured_media":1523,"parent":0,"menu_order":0,"comment_status":"closed","ping_status":"closed","template":"","meta":{"_uag_custom_page_level_css":"","site-sidebar-layout":"no-sidebar","site-content-layout":"","ast-site-content-layout":"full-width-container","site-content-style":"default","site-sidebar-style":"default","ast-global-header-display":"","ast-banner-title-visibility":"","ast-main-header-display":"","ast-hfb-above-header-display":"","ast-hfb-below-header-display":"","ast-hfb-mobile-header-display":"","site-post-title":"disabled","ast-breadcrumbs-content":"","ast-featured-img":"disabled","footer-sml-layout":"","ast-disable-related-posts":"","theme-transparent-header-meta":"","adv-header-id-meta":"","stick-header-meta":"","header-above-stick-meta":"","header-main-stick-meta":"","header-below-stick-meta":"","astra-migrate-meta-layouts":"default","ast-page-background-enabled":"default","ast-page-background-meta":{"desktop":{"background-color":"var(--ast-global-color-5)","background-image":"","background-repeat":"repeat","background-position":"center center","background-size":"auto","background-attachment":"scroll","background-type":"","background-media":"","overlay-type":"","overlay-color":"","overlay-opacity":"","overlay-gradient":""},"tablet":{"background-color":"","background-image":"","background-repeat":"repeat","background-position":"center center","background-size":"auto","background-attachment":"scroll","background-type":"","background-media":"","overlay-type":"","overlay-color":"","overlay-opacity":"","overlay-gradient":""},"mobile":{"background-color":"","background-image":"","background-repeat":"repeat","background-position":"center center","background-size":"auto","background-attachment":"scroll","background-type":"","background-media":"","overlay-type":"","overlay-color":"","overlay-opacity":"","overlay-gradient":""}},"ast-content-background-meta":{"desktop":{"background-color":"var(--ast-global-color-4)","background-image":"","background-repeat":"repeat","background-position":"center center","background-size":"auto","background-attachment":"scroll","background-type":"","background-media":"","overlay-type":"","overlay-color":"","overlay-opacity":"","overlay-gradient":""},"tablet":{"background-color":"var(--ast-global-color-4)","background-image":"","background-repeat":"repeat","background-position":"center center","background-size":"auto","background-attachment":"scroll","background-type":"","background-media":"","overlay-type":"","overlay-color":"","overlay-opacity":"","overlay-gradient":""},"mobile":{"background-color":"var(--ast-global-color-4)","background-image":"","background-repeat":"repeat","background-position":"center center","background-size":"auto","background-attachment":"scroll","background-type":"","background-media":"","overlay-type":"","overlay-color":"","overlay-opacity":"","overlay-gradient":""}},"footnotes":""},"class_list":["post-1667","page","type-page","status-publish","has-post-thumbnail","hentry"],"aioseo_notices":[],"uagb_featured_image_src":{"full":["https:\/\/heilipalmjewellery.com\/wp-content\/uploads\/2025\/12\/NB12-4-scaled.jpg",2560,2048,false],"thumbnail":["https:\/\/heilipalmjewellery.com\/wp-content\/uploads\/2025\/12\/NB12-4-150x150.jpg",150,150,true],"medium":["https:\/\/heilipalmjewellery.com\/wp-content\/uploads\/2025\/12\/NB12-4-300x240.jpg",300,240,true],"medium_large":["https:\/\/heilipalmjewellery.com\/wp-content\/uploads\/2025\/12\/NB12-4-768x614.jpg",768,614,true],"large":["https:\/\/heilipalmjewellery.com\/wp-content\/uploads\/2025\/12\/NB12-4-1024x819.jpg",1024,819,true],"1536x1536":["https:\/\/heilipalmjewellery.com\/wp-content\/uploads\/2025\/12\/NB12-4-1536x1229.jpg",1536,1229,true],"2048x2048":["https:\/\/heilipalmjewellery.com\/wp-content\/uploads\/2025\/12\/NB12-4-2048x1638.jpg",2048,1638,true],"trp-custom-language-flag":["https:\/\/heilipalmjewellery.com\/wp-content\/uploads\/2025\/12\/NB12-4-15x12.jpg",15,12,true],"woocommerce_thumbnail":["https:\/\/heilipalmjewellery.com\/wp-content\/uploads\/2025\/12\/NB12-4-960x720.jpg",960,720,true],"woocommerce_single":["https:\/\/heilipalmjewellery.com\/wp-content\/uploads\/2025\/12\/NB12-4-960x768.jpg",960,768,true],"woocommerce_gallery_thumbnail":["https:\/\/heilipalmjewellery.com\/wp-content\/uploads\/2025\/12\/NB12-4-100x100.jpg",100,100,true]},"uagb_author_info":{"display_name":"Jewel","author_link":"https:\/\/heilipalmjewellery.com\/en\/author\/jewel\/"},"uagb_comment_info":0,"uagb_excerpt":"Ehete hooldamine Heili Palm Jewellery ehted on detailsed ja \u00f5rnad, kuid loodud kestma kogu elu.Selleks, et ehe s\u00e4ilitaks oma ilu ja s\u00e4ra ka aastate m\u00f6\u00f6dudes, on oluline p\u00f6\u00f6rata t\u00e4helepanu m\u00f5ningatele hooldussoovitustele. Kreemid ja kosmeetikaSoovitan alati kanda naha- ja juuksehooldustooted, kosmeetika ning parf\u00fc\u00fcmi kehale enne ehete lisamist. Oluline on v\u00e4ltida kokkupuudet toodetega, mis ei ole veel&hellip;","_links":{"self":[{"href":"https:\/\/heilipalmjewellery.com\/en\/wp-json\/wp\/v2\/pages\/1667","targetHints":{"allow":["GET"]}}],"collection":[{"href":"https:\/\/heilipalmjewellery.com\/en\/wp-json\/wp\/v2\/pages"}],"about":[{"href":"https:\/\/heilipalmjewellery.com\/en\/wp-json\/wp\/v2\/types\/page"}],"author":[{"embeddable":true,"href":"https:\/\/heilipalmjewellery.com\/en\/wp-json\/wp\/v2\/users\/2"}],"replies":[{"embeddable":true,"href":"https:\/\/heilipalmjewellery.com\/en\/wp-json\/wp\/v2\/comments?post=1667"}],"version-history":[{"count":13,"href":"https:\/\/heilipalmjewellery.com\/en\/wp-json\/wp\/v2\/pages\/1667\/revisions"}],"predecessor-version":[{"id":1680,"href":"https:\/\/heilipalmjewellery.com\/en\/wp-json\/wp\/v2\/pages\/1667\/revisions\/1680"}],"wp:featuredmedia":[{"embeddable":true,"href":"https:\/\/heilipalmjewellery.com\/en\/wp-json\/wp\/v2\/media\/1523"}],"wp:attachment":[{"href":"https:\/\/heilipalmjewellery.com\/en\/wp-json\/wp\/v2\/media?parent=1667"}],"curies":[{"name":"wp","href":"https:\/\/api.w.org\/{rel}","templated":true}]}}