{"id":1037,"date":"2025-11-12T02:44:09","date_gmt":"2025-11-12T02:44:09","guid":{"rendered":"https:\/\/heilipalmjewellery.com\/?page_id=1037"},"modified":"2025-12-07T01:52:02","modified_gmt":"2025-12-07T01:52:02","slug":"memories-of-summer","status":"publish","type":"page","link":"https:\/\/heilipalmjewellery.com\/en\/kollektsioonid\/memories-of-summer\/","title":{"rendered":"Memories of Summer"},"content":{"rendered":"<div data-elementor-type=\"wp-page\" data-elementor-id=\"1037\" class=\"elementor elementor-1037\">\n\t\t\t\t<div class=\"elementor-element elementor-element-951d3de e-flex e-con-boxed wpr-particle-no wpr-jarallax-no wpr-parallax-no wpr-sticky-section-no wpr-column-slider-no wpr-equal-height-no e-con e-parent\" data-id=\"951d3de\" data-element_type=\"container\" data-e-type=\"container\">\n\t\t\t\t\t<div class=\"e-con-inner\">\n\t\t\t\t<div class=\"elementor-element elementor-element-ea10491 elementor-widget elementor-widget-text-editor\" data-id=\"ea10491\" data-element_type=\"widget\" data-e-type=\"widget\" data-widget_type=\"text-editor.default\">\n\t\t\t\t\t\t\t\t\t<h2 style=\"text-align: center;\"><strong>\u201cMemories of Summer\u201d<\/strong><\/h2><h3 style=\"text-align: center;\"><strong>Silver Jewellery Inspired by Art Nouveau<\/strong><\/h3><p>\u00a0<\/p><p style=\"text-align: justify;\">Inspired by summer, these pieces feature delicate leaves and plant stems, created for those who value individuality and dare to shine. Each piece is handcrafted from 925 sterling silver, from start to finish. The jewelry is partially oxidized and carefully polished to highlight the depth of every detail and the natural radiance of the silver.<\/p><p>\u00a0<\/p><p>The collection is adorned with Baltic amber, whose warm yellow-orange hue creates a striking contrast with the silver elements.<\/p><p>\u00a0<\/p><p>The collection is continuously  enriched with new unique works of art.<\/p>\t\t\t\t\t\t\t\t<\/div>\n\t\t\t\t<div class=\"elementor-element elementor-element-a0df65e elementor-widget elementor-widget-spacer\" data-id=\"a0df65e\" data-element_type=\"widget\" data-e-type=\"widget\" data-widget_type=\"spacer.default\">\n\t\t\t\t\t\t\t<div class=\"elementor-spacer\">\n\t\t\t<div class=\"elementor-spacer-inner\"><\/div>\n\t\t<\/div>\n\t\t\t\t\t\t<\/div>\n\t\t\t\t\t<\/div>\n\t\t\t\t<\/div>\n\t\t<div class=\"elementor-element elementor-element-9a83f1c e-flex e-con-boxed wpr-particle-no wpr-jarallax-no wpr-parallax-no wpr-sticky-section-no wpr-column-slider-no wpr-equal-height-no e-con e-parent\" data-id=\"9a83f1c\" data-element_type=\"container\" data-e-type=\"container\">\n\t\t\t\t\t<div class=\"e-con-inner\">\n\t\t\t\t<div class=\"elementor-element elementor-element-b953f3e eael-product-grid-column-3 elementor-widget elementor-widget-eicon-woocommerce\" data-id=\"b953f3e\" data-element_type=\"widget\" data-e-type=\"widget\" data-widget_type=\"eicon-woocommerce.default\">\n\t\t\t\t\t\n        <div class=\"eael-product-grid eael-product-preset-6 grid\" id=\"eael-product-grid\" data-widget-id=\"b953f3e\" data-page-id=\"1037\" data-nonce=\"46b0c99ae4\" >\n            <div class=\"woocommerce\">\n                <ul class=\"products eael-post-appender eael-post-appender-b953f3e\" data-ssi-desktop=\"yes\" data-ssi-tablet=\"yes\" data-ssi-mobile=\"yes\" data-layout-mode=\"grid\">    <li class=\"product  post-946 type-product status-publish has-post-thumbnail product_brand-heili-palm-jewellery product_cat-prossid product_tag-hobe product_tag-memories-of-summer product_tag-merevaik product_tag-pross desktop-align-center tablet-align-left mobile-align-left ast-product-gallery-layout-first-image-large ast-product-tabs-layout-horizontal ast-qv-on-image first instock sale shipping-taxable purchasable product-type-simple\">\n                <div class=\"eael-product-wrap\" data-src=\"https:\/\/heilipalmjewellery.com\/wp-content\/uploads\/2025\/11\/MS1-1-scaled-960x720.jpg\" data-src-hover=\"https:\/\/heilipalmjewellery.com\/wp-content\/uploads\/2025\/11\/MS1-2-960x720.jpg\">\n            <div class=\"product-image-wrap\">\n                <div class=\"image-wrap\">\n                    <a href=\"https:\/\/heilipalmjewellery.com\/en\/product\/memories-of-summer-pross\/\" class=\"woocommerce-LoopProduct-link woocommerce-loop-product__link\"><img fetchpriority=\"high\" decoding=\"async\" width=\"960\" height=\"720\" src=\"https:\/\/heilipalmjewellery.com\/wp-content\/uploads\/2025\/11\/MS1-1-scaled-960x720.jpg\" class=\"attachment-woocommerce_thumbnail size-woocommerce_thumbnail\" alt=\"Memories of Summer - Pross\" loading=\"eager\" srcset=\"https:\/\/heilipalmjewellery.com\/wp-content\/uploads\/2025\/11\/MS1-1-scaled-960x720.jpg 960w, https:\/\/heilipalmjewellery.com\/wp-content\/uploads\/2025\/11\/MS1-1-15x12.jpg 15w\" sizes=\"(max-width: 960px) 100vw, 960px\" \/><\/a>                <\/div>\n                <div class=\"image-hover-wrap\">\n                    <ul class=\"icons-wrap box-style\">\n                        <li class=\"add-to-cart\"><a href=\"\/en\/wp-json\/wp\/v2\/pages\/1037?add-to-cart=946\" aria-describedby=\"woocommerce_loop_add_to_cart_link_describedby_946\" data-quantity=\"1\" class=\"button product_type_simple add_to_cart_button ajax_add_to_cart\" data-product_id=\"946\" data-product_sku=\"MS1\" aria-label=\"Add to basket: \u201cMemories of Summer - Pross\u201d\" rel=\"nofollow\" data-success_message=\"\u201cMemories of Summer - Pross\u201d has been added to your basket\" role=\"button\" data-no-translation=\"\" data-trp-gettext=\"\" data-no-translation-aria-label=\"\" data-no-translation-data-success_message=\"\">Add to basket<\/a>\t<span id=\"woocommerce_loop_add_to_cart_link_describedby_946\" class=\"screen-reader-text\">\n\t\t\t<\/span>\n<\/li>\n                                                                                                <li class=\"view-details\" title=\"Details\"><a href=\"https:\/\/heilipalmjewellery.com\/en\/product\/memories-of-summer-pross\/\"><i class=\"fas fa-link\"><\/i><\/a><\/li>\n                    <\/ul>\n                <\/div>\n            <\/div>\n            <div class=\"product-details-wrap\">\n                                <div class=\"eael-product-title\">\n                    <a href=\"https:\/\/heilipalmjewellery.com\/en\/product\/memories-of-summer-pross\/\" class=\"woocommerce-LoopProduct-link woocommerce-loop-product__link\"><h2>Memories of Summer \u2013 Brooch<\/h2><\/a>                                    <\/div>\n                <div class=\"eael-product-price\"><del aria-hidden=\"true\"><span class=\"woocommerce-Price-amount amount\"><bdi>450,00&nbsp;<span class=\"woocommerce-Price-currencySymbol\">&euro;<\/span><\/bdi><\/span><\/del> <span class=\"screen-reader-text\" data-no-translation=\"\" data-trp-gettext=\"\">Original price was: 450,00&nbsp;&euro;.<\/span><ins aria-hidden=\"true\"><span class=\"woocommerce-Price-amount amount\"><bdi>400,00&nbsp;<span class=\"woocommerce-Price-currencySymbol\">&euro;<\/span><\/bdi><\/span><\/ins><span class=\"screen-reader-text\" data-no-translation=\"\" data-trp-gettext=\"\">Current price is: 400,00&nbsp;&euro;.<\/span><\/div>            <\/div>\n        <\/div>\n            <\/li>\n        <li class=\"product  post-941 type-product status-publish has-post-thumbnail product_brand-heili-palm-jewellery product_cat-sormused product_tag-hobe product_tag-memories-of-summer product_tag-merevaik product_tag-sormus desktop-align-center tablet-align-left mobile-align-left ast-product-gallery-layout-first-image-large ast-product-tabs-layout-horizontal ast-qv-on-image instock sale shipping-taxable purchasable product-type-simple\">\n                <div class=\"eael-product-wrap\" data-src=\"https:\/\/heilipalmjewellery.com\/wp-content\/uploads\/2025\/11\/MS2-1-scaled-960x720.jpg\" data-src-hover=\"https:\/\/heilipalmjewellery.com\/wp-content\/uploads\/2025\/11\/MS2-4-scaled-960x720.jpg\">\n            <div class=\"product-image-wrap\">\n                <div class=\"image-wrap\">\n                    <a href=\"https:\/\/heilipalmjewellery.com\/en\/product\/memories-of-summer-sormus-uhe-lehega\/\" class=\"woocommerce-LoopProduct-link woocommerce-loop-product__link\"><img decoding=\"async\" width=\"960\" height=\"720\" src=\"https:\/\/heilipalmjewellery.com\/wp-content\/uploads\/2025\/11\/MS2-1-scaled-960x720.jpg\" class=\"attachment-woocommerce_thumbnail size-woocommerce_thumbnail\" alt=\"Memories of Summer - S\u00f5rmus (\u00fche lehega)\" loading=\"eager\" srcset=\"https:\/\/heilipalmjewellery.com\/wp-content\/uploads\/2025\/11\/MS2-1-scaled-960x720.jpg 960w, https:\/\/heilipalmjewellery.com\/wp-content\/uploads\/2025\/11\/MS2-1-15x12.jpg 15w\" sizes=\"(max-width: 960px) 100vw, 960px\" \/><\/a>                <\/div>\n                <div class=\"image-hover-wrap\">\n                    <ul class=\"icons-wrap box-style\">\n                        <li class=\"add-to-cart\"><a href=\"\/en\/wp-json\/wp\/v2\/pages\/1037?add-to-cart=941\" aria-describedby=\"woocommerce_loop_add_to_cart_link_describedby_941\" data-quantity=\"1\" class=\"button product_type_simple add_to_cart_button ajax_add_to_cart\" data-product_id=\"941\" data-product_sku=\"MS2\" aria-label=\"Add to basket: \u201cMemories of Summer - S\u00f5rmus (\u00fche lehega)\u201d\" rel=\"nofollow\" data-success_message=\"\u201cMemories of Summer - S\u00f5rmus (\u00fche lehega)\u201d has been added to your basket\" role=\"button\" data-no-translation=\"\" data-trp-gettext=\"\" data-no-translation-aria-label=\"\" data-no-translation-data-success_message=\"\">Add to basket<\/a>\t<span id=\"woocommerce_loop_add_to_cart_link_describedby_941\" class=\"screen-reader-text\">\n\t\t\t<\/span>\n<\/li>\n                                                                                                <li class=\"view-details\" title=\"Details\"><a href=\"https:\/\/heilipalmjewellery.com\/en\/product\/memories-of-summer-sormus-uhe-lehega\/\"><i class=\"fas fa-link\"><\/i><\/a><\/li>\n                    <\/ul>\n                <\/div>\n            <\/div>\n            <div class=\"product-details-wrap\">\n                                <div class=\"eael-product-title\">\n                    <a href=\"https:\/\/heilipalmjewellery.com\/en\/product\/memories-of-summer-sormus-uhe-lehega\/\" class=\"woocommerce-LoopProduct-link woocommerce-loop-product__link\"><h2>Memories of Summer \u2013 Ring (with one leaf)<\/h2><\/a>                                    <\/div>\n                <div class=\"eael-product-price\"><del aria-hidden=\"true\"><span class=\"woocommerce-Price-amount amount\"><bdi>450,00&nbsp;<span class=\"woocommerce-Price-currencySymbol\">&euro;<\/span><\/bdi><\/span><\/del> <span class=\"screen-reader-text\" data-no-translation=\"\" data-trp-gettext=\"\">Original price was: 450,00&nbsp;&euro;.<\/span><ins aria-hidden=\"true\"><span class=\"woocommerce-Price-amount amount\"><bdi>400,00&nbsp;<span class=\"woocommerce-Price-currencySymbol\">&euro;<\/span><\/bdi><\/span><\/ins><span class=\"screen-reader-text\" data-no-translation=\"\" data-trp-gettext=\"\">Current price is: 400,00&nbsp;&euro;.<\/span><\/div>            <\/div>\n        <\/div>\n            <\/li>\n        <li class=\"product  post-949 type-product status-publish has-post-thumbnail product_brand-heili-palm-jewellery product_cat-sormused product_tag-hobe product_tag-memories-of-summer product_tag-merevaik product_tag-sormus desktop-align-center tablet-align-left mobile-align-left ast-product-gallery-layout-first-image-large ast-product-tabs-layout-horizontal ast-qv-on-image instock sale shipping-taxable purchasable product-type-simple\">\n                <div class=\"eael-product-wrap\" data-src=\"https:\/\/heilipalmjewellery.com\/wp-content\/uploads\/2025\/11\/MS3-1-scaled-960x720.jpg\" data-src-hover=\"https:\/\/heilipalmjewellery.com\/wp-content\/uploads\/2025\/11\/MS3-7-scaled-960x720.jpg\">\n            <div class=\"product-image-wrap\">\n                <div class=\"image-wrap\">\n                    <a href=\"https:\/\/heilipalmjewellery.com\/en\/product\/memories-of-summer-sormus-kahe-lehega\/\" class=\"woocommerce-LoopProduct-link woocommerce-loop-product__link\"><img decoding=\"async\" width=\"960\" height=\"720\" src=\"https:\/\/heilipalmjewellery.com\/wp-content\/uploads\/2025\/11\/MS3-1-scaled-960x720.jpg\" class=\"attachment-woocommerce_thumbnail size-woocommerce_thumbnail\" alt=\"Memories of Summer - S\u00f5rmus (kahe lehega)\" loading=\"eager\" srcset=\"https:\/\/heilipalmjewellery.com\/wp-content\/uploads\/2025\/11\/MS3-1-scaled-960x720.jpg 960w, https:\/\/heilipalmjewellery.com\/wp-content\/uploads\/2025\/11\/MS3-1-15x12.jpg 15w\" sizes=\"(max-width: 960px) 100vw, 960px\" \/><\/a>                <\/div>\n                <div class=\"image-hover-wrap\">\n                    <ul class=\"icons-wrap box-style\">\n                        <li class=\"add-to-cart\"><a href=\"\/en\/wp-json\/wp\/v2\/pages\/1037?add-to-cart=949\" aria-describedby=\"woocommerce_loop_add_to_cart_link_describedby_949\" data-quantity=\"1\" class=\"button product_type_simple add_to_cart_button ajax_add_to_cart\" data-product_id=\"949\" data-product_sku=\"MS3\" aria-label=\"Add to basket: \u201cMemories of Summer - S\u00f5rmus (kahe lehega)\u201d\" rel=\"nofollow\" data-success_message=\"\u201cMemories of Summer - S\u00f5rmus (kahe lehega)\u201d has been added to your basket\" role=\"button\" data-no-translation=\"\" data-trp-gettext=\"\" data-no-translation-aria-label=\"\" data-no-translation-data-success_message=\"\">Add to basket<\/a>\t<span id=\"woocommerce_loop_add_to_cart_link_describedby_949\" class=\"screen-reader-text\">\n\t\t\t<\/span>\n<\/li>\n                                                                                                <li class=\"view-details\" title=\"Details\"><a href=\"https:\/\/heilipalmjewellery.com\/en\/product\/memories-of-summer-sormus-kahe-lehega\/\"><i class=\"fas fa-link\"><\/i><\/a><\/li>\n                    <\/ul>\n                <\/div>\n            <\/div>\n            <div class=\"product-details-wrap\">\n                                <div class=\"eael-product-title\">\n                    <a href=\"https:\/\/heilipalmjewellery.com\/en\/product\/memories-of-summer-sormus-kahe-lehega\/\" class=\"woocommerce-LoopProduct-link woocommerce-loop-product__link\"><h2>Memories of Summer \u2013 Ring (with two leaves)<\/h2><\/a>                                    <\/div>\n                <div class=\"eael-product-price\"><del aria-hidden=\"true\"><span class=\"woocommerce-Price-amount amount\"><bdi>450,00&nbsp;<span class=\"woocommerce-Price-currencySymbol\">&euro;<\/span><\/bdi><\/span><\/del> <span class=\"screen-reader-text\" data-no-translation=\"\" data-trp-gettext=\"\">Original price was: 450,00&nbsp;&euro;.<\/span><ins aria-hidden=\"true\"><span class=\"woocommerce-Price-amount amount\"><bdi>400,00&nbsp;<span class=\"woocommerce-Price-currencySymbol\">&euro;<\/span><\/bdi><\/span><\/ins><span class=\"screen-reader-text\" data-no-translation=\"\" data-trp-gettext=\"\">Current price is: 400,00&nbsp;&euro;.<\/span><\/div>            <\/div>\n        <\/div>\n            <\/li>\n    <\/ul>            <\/div>\n        <\/div>\n\n        <script type=\"text\/javascript\">\n            jQuery(document).ready(function($) {\n                var $scope = jQuery(\".elementor-element-b953f3e\");\n                var $products = $('.products', $scope);\n                var $layout_mode = $products.data('layout-mode');\n                \n                if ( $layout_mode === 'masonry' ) {\n                    \/\/ init isotope\n                    var $isotope_products = $products.isotope({\n                        itemSelector: \"li.product\",\n                        layoutMode: $layout_mode,\n                        percentPosition: true\n                    });\n\n                    $isotope_products.imagesLoaded().progress( function() {\n                        $isotope_products.isotope('layout');\n                    })\n                    \n                }\n            });\n        <\/script>\n        \t\t\t\t<\/div>\n\t\t\t\t\t<\/div>\n\t\t\t\t<\/div>\n\t\t\t\t<\/div>","protected":false},"excerpt":{"rendered":"<p>\u201cMemories of Summer\u201d Juugendist inspireeritud h\u00f5beehted \u00a0 Juugendist ja suvisest loodusest\u00a0 inspireeritud ehted, mille motiiviks on \u00f5rnad lehed ja taimede varred, on loodud neile, kes hindavad ainulaadsust ja julgevad s\u00e4rada. Iga ehe on 925 prooviga h\u00f5bedast ning valmistatud algusest l\u00f5puni k\u00e4sit\u00f6\u00f6na. Ehted on osaliselt oks\u00fcdeeritud ja hoolikalt poleeritud, et r\u00f5hutada detailide s\u00fcgavust ja h\u00f5beda s\u00e4ra. \u00a0 Kollektsiooni ehteid kaunistab merevaik (Baltic Amber), mille soe kollakas-oran\u017e toon loob kauni kontrasti h\u00f5bedaste detailidega. \u00a0 Kollektsioon t\u00e4ieneb pidevalt uute, kordumatute ehetega. Lisa korvi Memories of Summer &#8211; Pross 360,00&nbsp;&euro; Lisa korvi Memories of Summer &#8211; S\u00f5rmus (\u00fche lehega) 360,00&nbsp;&euro; Lisa korvi Memories of Summer &#8211; S\u00f5rmus (kahe lehega) 360,00&nbsp;&euro;<\/p>","protected":false},"author":2,"featured_media":788,"parent":996,"menu_order":0,"comment_status":"closed","ping_status":"closed","template":"","meta":{"_uag_custom_page_level_css":"","site-sidebar-layout":"no-sidebar","site-content-layout":"","ast-site-content-layout":"full-width-container","site-content-style":"default","site-sidebar-style":"default","ast-global-header-display":"","ast-banner-title-visibility":"","ast-main-header-display":"","ast-hfb-above-header-display":"","ast-hfb-below-header-display":"","ast-hfb-mobile-header-display":"","site-post-title":"disabled","ast-breadcrumbs-content":"","ast-featured-img":"disabled","footer-sml-layout":"","ast-disable-related-posts":"","theme-transparent-header-meta":"","adv-header-id-meta":"","stick-header-meta":"","header-above-stick-meta":"","header-main-stick-meta":"","header-below-stick-meta":"","astra-migrate-meta-layouts":"default","ast-page-background-enabled":"default","ast-page-background-meta":{"desktop":{"background-color":"var(--ast-global-color-5)","background-image":"","background-repeat":"repeat","background-position":"center center","background-size":"auto","background-attachment":"scroll","background-type":"","background-media":"","overlay-type":"","overlay-color":"","overlay-opacity":"","overlay-gradient":""},"tablet":{"background-color":"","background-image":"","background-repeat":"repeat","background-position":"center center","background-size":"auto","background-attachment":"scroll","background-type":"","background-media":"","overlay-type":"","overlay-color":"","overlay-opacity":"","overlay-gradient":""},"mobile":{"background-color":"","background-image":"","background-repeat":"repeat","background-position":"center center","background-size":"auto","background-attachment":"scroll","background-type":"","background-media":"","overlay-type":"","overlay-color":"","overlay-opacity":"","overlay-gradient":""}},"ast-content-background-meta":{"desktop":{"background-color":"var(--ast-global-color-4)","background-image":"","background-repeat":"repeat","background-position":"center center","background-size":"auto","background-attachment":"scroll","background-type":"","background-media":"","overlay-type":"","overlay-color":"","overlay-opacity":"","overlay-gradient":""},"tablet":{"background-color":"var(--ast-global-color-4)","background-image":"","background-repeat":"repeat","background-position":"center center","background-size":"auto","background-attachment":"scroll","background-type":"","background-media":"","overlay-type":"","overlay-color":"","overlay-opacity":"","overlay-gradient":""},"mobile":{"background-color":"var(--ast-global-color-4)","background-image":"","background-repeat":"repeat","background-position":"center center","background-size":"auto","background-attachment":"scroll","background-type":"","background-media":"","overlay-type":"","overlay-color":"","overlay-opacity":"","overlay-gradient":""}},"footnotes":""},"class_list":["post-1037","page","type-page","status-publish","has-post-thumbnail","hentry","desktop-align-center","tablet-align-left","mobile-align-left","ast-product-gallery-layout-first-image-large","ast-product-tabs-layout-horizontal","ast-qv-on-image"],"aioseo_notices":[],"uagb_featured_image_src":{"full":["https:\/\/heilipalmjewellery.com\/wp-content\/uploads\/2025\/11\/GF6-5-scaled.jpg",2560,2048,false],"thumbnail":["https:\/\/heilipalmjewellery.com\/wp-content\/uploads\/2025\/11\/GF6-5-150x150.jpg",150,150,true],"medium":["https:\/\/heilipalmjewellery.com\/wp-content\/uploads\/2025\/11\/GF6-5-300x240.jpg",300,240,true],"medium_large":["https:\/\/heilipalmjewellery.com\/wp-content\/uploads\/2025\/11\/GF6-5-768x614.jpg",768,614,true],"large":["https:\/\/heilipalmjewellery.com\/wp-content\/uploads\/2025\/11\/GF6-5-1024x819.jpg",1024,819,true],"1536x1536":["https:\/\/heilipalmjewellery.com\/wp-content\/uploads\/2025\/11\/GF6-5-1536x1229.jpg",1536,1229,true],"2048x2048":["https:\/\/heilipalmjewellery.com\/wp-content\/uploads\/2025\/11\/GF6-5-2048x1638.jpg",2048,1638,true],"trp-custom-language-flag":["https:\/\/heilipalmjewellery.com\/wp-content\/uploads\/2025\/11\/GF6-5-15x12.jpg",15,12,true],"woocommerce_thumbnail":["https:\/\/heilipalmjewellery.com\/wp-content\/uploads\/2025\/11\/GF6-5-scaled-960x720.jpg",960,720,true],"woocommerce_single":["https:\/\/heilipalmjewellery.com\/wp-content\/uploads\/2025\/11\/GF6-5-scaled-960x768.jpg",960,768,true],"woocommerce_gallery_thumbnail":["https:\/\/heilipalmjewellery.com\/wp-content\/uploads\/2025\/11\/GF6-5-scaled-100x100.jpg",100,100,true]},"uagb_author_info":{"display_name":"Jewel","author_link":"https:\/\/heilipalmjewellery.com\/en\/author\/jewel\/"},"uagb_comment_info":0,"uagb_excerpt":"\u201cMemories of Summer\u201d Juugendist inspireeritud h\u00f5beehted \u00a0 Juugendist ja suvisest loodusest\u00a0 inspireeritud ehted, mille motiiviks on \u00f5rnad lehed ja taimede varred, on loodud neile, kes hindavad ainulaadsust ja julgevad s\u00e4rada. Iga ehe on 925 prooviga h\u00f5bedast ning valmistatud algusest l\u00f5puni k\u00e4sit\u00f6\u00f6na. Ehted on osaliselt oks\u00fcdeeritud ja hoolikalt poleeritud, et r\u00f5hutada detailide s\u00fcgavust ja h\u00f5beda s\u00e4ra.&hellip;","_links":{"self":[{"href":"https:\/\/heilipalmjewellery.com\/en\/wp-json\/wp\/v2\/pages\/1037","targetHints":{"allow":["GET"]}}],"collection":[{"href":"https:\/\/heilipalmjewellery.com\/en\/wp-json\/wp\/v2\/pages"}],"about":[{"href":"https:\/\/heilipalmjewellery.com\/en\/wp-json\/wp\/v2\/types\/page"}],"author":[{"embeddable":true,"href":"https:\/\/heilipalmjewellery.com\/en\/wp-json\/wp\/v2\/users\/2"}],"replies":[{"embeddable":true,"href":"https:\/\/heilipalmjewellery.com\/en\/wp-json\/wp\/v2\/comments?post=1037"}],"version-history":[{"count":18,"href":"https:\/\/heilipalmjewellery.com\/en\/wp-json\/wp\/v2\/pages\/1037\/revisions"}],"predecessor-version":[{"id":1202,"href":"https:\/\/heilipalmjewellery.com\/en\/wp-json\/wp\/v2\/pages\/1037\/revisions\/1202"}],"up":[{"embeddable":true,"href":"https:\/\/heilipalmjewellery.com\/en\/wp-json\/wp\/v2\/pages\/996"}],"wp:featuredmedia":[{"embeddable":true,"href":"https:\/\/heilipalmjewellery.com\/en\/wp-json\/wp\/v2\/media\/788"}],"wp:attachment":[{"href":"https:\/\/heilipalmjewellery.com\/en\/wp-json\/wp\/v2\/media?parent=1037"}],"curies":[{"name":"wp","href":"https:\/\/api.w.org\/{rel}","templated":true}]}}